{"id":63598,"date":"2024-01-29T16:08:03","date_gmt":"2024-01-29T14:08:03","guid":{"rendered":"https:\/\/noblewine.lv\/catalog\/uncategorized\/lecture-blanc-de-blanc-champagne\/"},"modified":"2024-02-19T16:39:07","modified_gmt":"2024-02-19T14:39:07","slug":"lecture-blanc-de-blanc-champagne","status":"publish","type":"product","link":"https:\/\/nwold.test.decotec.lv\/en\/catalog\/wine-events\/lecture-blanc-de-blanc-champagne\/","title":{"rendered":"Lecture &#8211; Blanc de Blanc champagne"},"content":{"rendered":"","protected":false},"excerpt":{"rendered":"<p>\u0160aj\u0101 lekcij\u0101 spried\u012bsim par to, kas \u012bsti ir \u0161ampanietis un k\u0101 to pareizi degust\u0113t, lai g\u016btu maksim\u0101lu baudu no v\u012bna gar\u0161as un bu\u0137etes. T\u0101pat noskaidrosim, kas ir terroir jeb teru\u0101rs un k\u0101 v\u012bnogul\u0101ju \u0123eogr\u0101fisk\u0101 atra\u0161an\u0101s vieta un augsnes sast\u0101vs ietekm\u0113 topo\u0161\u0101 dz\u0113riena stilu. Uzzin\u0101siet v\u012bnogu raksturojumu, k\u0101 ar\u012b par procesu, k\u0101 top \u0161is \u0161ampanietis un s\u012bki izp\u0113t\u012bsim visas v\u012bna d\u0101rz\u0101 notieko\u0161\u0101s norises gada griezum\u0101.<\/p>\n<p>Par jebkuru jaut\u0101jumu saist\u012bb\u0101 ar degust\u0101ciju organiz\u0101ciju un norisi l\u016bgums v\u0113rsties pa t\u0101lruni +371 20101111 vai e-past\u0101 sandra.grinmane@noblewine.lv<\/p>\n","protected":false},"featured_media":0,"template":"","meta":[],"product_cat":[2004],"product_tag":[],"class_list":["post-63598","product","type-product","status-publish","hentry","product_cat-wine-events"],"acf":[],"_links":{"self":[{"href":"https:\/\/nwold.test.decotec.lv\/en\/wp-json\/wp\/v2\/product\/63598"}],"collection":[{"href":"https:\/\/nwold.test.decotec.lv\/en\/wp-json\/wp\/v2\/product"}],"about":[{"href":"https:\/\/nwold.test.decotec.lv\/en\/wp-json\/wp\/v2\/types\/product"}],"wp:attachment":[{"href":"https:\/\/nwold.test.decotec.lv\/en\/wp-json\/wp\/v2\/media?parent=63598"}],"wp:term":[{"taxonomy":"product_cat","embeddable":true,"href":"https:\/\/nwold.test.decotec.lv\/en\/wp-json\/wp\/v2\/product_cat?post=63598"},{"taxonomy":"product_tag","embeddable":true,"href":"https:\/\/nwold.test.decotec.lv\/en\/wp-json\/wp\/v2\/product_tag?post=63598"}],"curies":[{"name":"wp","href":"https:\/\/api.w.org\/{rel}","templated":true}]}}