{"id":56667,"date":"2022-11-10T16:59:53","date_gmt":"2022-11-10T14:59:53","guid":{"rendered":"https:\/\/noblewine.lv\/privata-vinzina-pakalpojumi\/"},"modified":"2022-11-11T10:21:39","modified_gmt":"2022-11-11T08:21:39","slug":"privata-vinzina-pakalpojumi","status":"publish","type":"page","link":"https:\/\/nwold.test.decotec.lv\/ru\/privata-vinzina-pakalpojumi\/","title":{"rendered":"Priv\u0101t\u0101 v\u012bnzi\u0146a pakalpojumi"},"content":{"rendered":"<p>[vc_row gap=&#8221;20&#8243; woodmart_bg_position=&#8221;center-center&#8221; el_class=&#8221;mainRow main_block&#8221; mobile_bg_img_hidden=&#8221;no&#8221; tablet_bg_img_hidden=&#8221;no&#8221; woodmart_parallax=&#8221;0&#8243; woodmart_gradient_switch=&#8221;yes&#8221; woodmart_color_gradient=&#8221;rgba(0, 0, 0, 0.557)-0\/rgba(0, 0, 0, 0.11)-72\/|linear-gradient(left , rgba(0, 0, 0, 0.557) , rgba(0, 0, 0, 0.11) 72%)|linear|left&#8221; row_reverse_mobile=&#8221;0&#8243; row_reverse_tablet=&#8221;0&#8243; woodmart_disable_overflow=&#8221;0&#8243; css=&#8221;.vc_custom_1668092088177{background: #000000 url(https:\/\/noblewine.lv\/wp-content\/uploads\/2022\/11\/dzerieni-kazam-noble-wine-18.jpg?id=56658) !important;}&#8221;][vc_column]\t\t\n\t\t<div id=\"wd-636d115ed7588\" class=\"title-wrapper  woodmart-title-color-white woodmart-title-style-default woodmart-title-width-50 text-left woodmart-title-size-custom vc_custom_1668092264506\">\n\t\t\t\t\t\t\n\t\t\t<div class=\"liner-continer\">\n\t\t\t\t<span class=\"left-line\"><\/span>\n\t\t\t\t<h2 class=\"woodmart-title-container title  woodmart-font-weight-900\" >Priv\u0101t\u0101 v\u012bnzi\u0146a pakalpojumi<\/h2>\t\t\t\t\t\t\t\t<span class=\"right-line\"><\/span>\n\t\t\t<\/div>\n\t\t\t\n\t\t\t\t\t\t\t<div class=\"title-after_title\">Noble Wine pied\u0101v\u0101 ekskluz\u012bvu iesp\u0113ju \u2013 konsult\u0113ties ar priv\u0101to v\u012bnzini<\/div>\n\t\t\t\t\t\t\n\t\t\t\t\t<\/div>\n\t\t\n\t\t[\/vc_column][\/vc_row][vc_row mobile_bg_img_hidden=&#8221;no&#8221; tablet_bg_img_hidden=&#8221;no&#8221; woodmart_parallax=&#8221;0&#8243; woodmart_gradient_switch=&#8221;no&#8221; row_reverse_mobile=&#8221;0&#8243; row_reverse_tablet=&#8221;0&#8243; woodmart_disable_overflow=&#8221;0&#8243;][vc_column width=&#8221;1\/12&#8243;][\/vc_column][vc_column width=&#8221;10\/12&#8243;][vc_column_text text_larger=&#8221;no&#8221;]<\/p>\n<h4><span style=\"color: #993300;\"><strong>PRIV\u0100T\u0100 V\u012aNZI\u0145A PAKALPOJUMI: <\/strong><\/span><\/h4>\n<p><strong>\u00a0<\/strong><\/p>\n<p>Noble Wine pied\u0101v\u0101 ekskluz\u012bvu iesp\u0113ju \u2013 konsult\u0113ties ar priv\u0101to v\u012bnzini visos v\u012bna jaut\u0101jumos, k\u0101 ar\u012b piesaist\u012bt profesion\u0101li J\u016bsu priv\u0101tajiem pas\u0101kumiem un degust\u0101cij\u0101m. Ja j\u016bs m\u0101c \u0161aubas par k\u0101du jaut\u0101jumu, esat retu v\u012bna eksempl\u0101ru mekl\u0113jumos vai Jums ir nepiecie\u0161ama individu\u0101la sadarb\u012bba, sazinieties ar mums![\/vc_column_text][\/vc_column][vc_column width=&#8221;1\/12&#8243;][\/vc_column][\/vc_row][vc_row mobile_bg_img_hidden=&#8221;no&#8221; tablet_bg_img_hidden=&#8221;no&#8221; woodmart_parallax=&#8221;0&#8243; woodmart_gradient_switch=&#8221;no&#8221; row_reverse_mobile=&#8221;0&#8243; row_reverse_tablet=&#8221;0&#8243; woodmart_disable_overflow=&#8221;0&#8243;][vc_column width=&#8221;1\/12&#8243;][\/vc_column][vc_column width=&#8221;8\/12&#8243;][vc_empty_space woodmart_hide_large=&#8221;0&#8243; woodmart_hide_medium=&#8221;0&#8243; woodmart_hide_small=&#8221;0&#8243; woodmart_hide_extra_small=&#8221;0&#8243;][vc_column_text text_larger=&#8221;no&#8221;]<\/p>\n<h4><span style=\"color: #993300;\">Priv\u0101t\u0101 v\u012bnzi\u0146a pakalpojumos ietilpst:<\/span><\/h4>\n<ul>\n<li>konsult\u0101cijas par v\u012bna uzglab\u0101\u0161anu;<\/li>\n<li>individu\u0101li retu v\u012bnu pas\u016bt\u012bjumi;<\/li>\n<li>ledusskapju sortimenta p\u0101rzin\u0101\u0161ana;<\/li>\n<li>priv\u0101to degust\u0101ciju vad\u012b\u0161ana.<\/li>\n<\/ul>\n<p>[\/vc_column_text][\/vc_column][vc_column width=&#8221;2\/12&#8243;][vc_single_image image=&#8221;56639&#8243; img_size=&#8221;full&#8221; parallax_scroll=&#8221;no&#8221;][\/vc_column][vc_column width=&#8221;1\/12&#8243;][\/vc_column][\/vc_row][vc_row mobile_bg_img_hidden=&#8221;no&#8221; tablet_bg_img_hidden=&#8221;no&#8221; woodmart_parallax=&#8221;0&#8243; woodmart_gradient_switch=&#8221;no&#8221; row_reverse_mobile=&#8221;0&#8243; row_reverse_tablet=&#8221;0&#8243; woodmart_disable_overflow=&#8221;0&#8243;][vc_column width=&#8221;1\/12&#8243;][\/vc_column][vc_column width=&#8221;10\/12&#8243;][vc_column_text text_larger=&#8221;no&#8221;]<\/p>\n<h4><span style=\"color: #993300;\"><strong>INDIVIDU\u0100LI PAS\u016aT\u012aJUMI: <\/strong><\/span><\/h4>\n<p><strong>\u00a0<\/strong><\/p>\n<p>M\u016bsu veikal\u0101 ir vair\u0101k nek\u0101 500 v\u012bnu, ta\u010du iesp\u0113jams, ka J\u016bsu v\u0113lmes p\u0101rsp\u0113j \u0161o diapazonu. Ko dar\u012bt, ja esat izmekl\u0113jis visas R\u012bgas v\u012bna kabatas, bet tik un t\u0101 neatrad\u0101t mekl\u0113to? <a href=\"tel:+371 28007772\">Zvaniet<\/a> Noble Wine! M\u016bsu zino\u0161ie v\u012bnzi\u0146i veikli noorganiz\u0113s k\u0101roto no pasaules v\u012bndar\u012btav\u0101m, vienojoties par izdev\u012bgu cenu un p\u0113c iesp\u0113jas \u0101tr\u0101ku pas\u016bt\u012bjuma pieg\u0101di!<\/p>\n<p>\u012apa\u0161i v\u0113rt\u012bgas ra\u017eas vintage v\u012bni, reti sastopami supertosk\u0101nie\u0161i, Bordo izcil\u0101 piecinieka lab\u0101kie piem\u0113ri, Burgundijas le\u0123endas\u2026 Viens solis un k\u0101rotais ir J\u016bsu rok\u0101s![\/vc_column_text][\/vc_column][vc_column width=&#8221;1\/12&#8243;][\/vc_column][\/vc_row][vc_row mobile_bg_img_hidden=&#8221;no&#8221; tablet_bg_img_hidden=&#8221;no&#8221; woodmart_parallax=&#8221;0&#8243; woodmart_gradient_switch=&#8221;no&#8221; row_reverse_mobile=&#8221;0&#8243; row_reverse_tablet=&#8221;0&#8243; woodmart_disable_overflow=&#8221;0&#8243;][vc_column width=&#8221;1\/12&#8243;][\/vc_column][vc_column width=&#8221;10\/12&#8243;][vc_column_text text_larger=&#8221;no&#8221;]<\/p>\n<h4><span style=\"color: #993300;\"><strong>SAZINIETIES AR MUMS, JA V\u0112LATIES: <\/strong><\/span><\/h4>\n<p>&nbsp;<\/p>\n<ul>\n<li>konkr\u0113ta gada retu v\u012bna eksempl\u0101ru no noteikta teru\u0101ra;<\/li>\n<li>pasniegt unik\u0101lu d\u0101vanu \u2013 iecien\u012bto v\u012bna vai konkr\u0113tu ra\u017eas gadu;<\/li>\n<li>v\u0113laties papildin\u0101t savu kolekciju ar nestandarta pudel\u0113m;<\/li>\n<li>ieg\u016bt \u012bpa\u0161um\u0101 gr\u016bti atrodamu, savulaik baud\u012btu apbr\u012bnojamu v\u012bnu Eirop\u0101.<\/li>\n<\/ul>\n<p>\u012apa\u0161i v\u0113rt\u012bgas ra\u017eas vintage v\u012bni, reti sastopami supertosk\u0101nie\u0161i, Bordo izcil\u0101 piecinieka lab\u0101kie piem\u0113ri, Burgundijas le\u0123endas\u2026 Viens solis un k\u0101rotais ir J\u016bsu rok\u0101s!<\/p>\n<p>[\/vc_column_text][\/vc_column][vc_column width=&#8221;1\/12&#8243;][\/vc_column][\/vc_row][vc_row mobile_bg_img_hidden=&#8221;no&#8221; tablet_bg_img_hidden=&#8221;no&#8221; woodmart_parallax=&#8221;0&#8243; woodmart_gradient_switch=&#8221;no&#8221; row_reverse_mobile=&#8221;0&#8243; row_reverse_tablet=&#8221;0&#8243; woodmart_disable_overflow=&#8221;0&#8243;][vc_column width=&#8221;1\/12&#8243;][\/vc_column][vc_column width=&#8221;2\/12&#8243;][vc_single_image image=&#8221;40023&#8243; img_size=&#8221;Full&#8221; alignment=&#8221;center&#8221; style=&#8221;vc_box_border_circle_2&#8243; border_color=&#8221;white&#8221; parallax_scroll=&#8221;no&#8221;][\/vc_column][vc_column width=&#8221;8\/12&#8243;][vc_empty_space woodmart_hide_large=&#8221;0&#8243; woodmart_hide_medium=&#8221;0&#8243; woodmart_hide_small=&#8221;0&#8243; woodmart_hide_extra_small=&#8221;0&#8243;][vc_column_text text_larger=&#8221;no&#8221;]Sazinieties ar m\u016bsu priv\u0101to v\u012bnzini Voldem\u0101ru Dzeni jebkur\u0101 jums \u0113rt\u0101 veid\u0101 &#8211; pa telefonu <span style=\"text-decoration: underline;\"><a href=\"tel:+371 22475575\">+371<\/a> 22475575<\/span> vai caur E-Pastu <a href=\"mailto:voldemars.dzenis@noblewine.lv\"><span style=\"text-decoration: underline;\">voldemars.dzenis@noblewine.lv<\/span><\/a>, vi\u0146\u0161 atbild\u0113s ar lab\u0101ko pied\u0101v\u0101jumu \u0101tr\u0101kaj\u0101 iesp\u0113jam\u0101 laik\u0101, ar pied\u0101v\u0101jumu, kas atbilst j\u016bsu velm\u0113m.[\/vc_column_text][\/vc_column][vc_column width=&#8221;1\/12&#8243;][\/vc_column][\/vc_row]<\/p>\n","protected":false},"excerpt":{"rendered":"<p>[vc_row gap=&#8221;20&#8243; woodmart_bg_position=&#8221;center-center&#8221; el_class=&#8221;mainRow main_block&#8221; mobile_bg_img_hidden=&#8221;no&#8221; tablet_bg_img_hidden=&#8221;no&#8221; woodmart_parallax=&#8221;0&#8243; woodmart_gradient_switch=&#8221;yes&#8221; woodmart_color_gradient=&#8221;rgba(0, 0, 0, 0.557)-0\/rgba(0, 0, 0, 0.11)-72\/|linear-gradient(left , rgba(0, 0, 0,<\/p>\n","protected":false},"author":3985,"featured_media":0,"parent":0,"menu_order":0,"comment_status":"closed","ping_status":"closed","template":"","meta":{"footnotes":""},"class_list":["post-56667","page","type-page","status-publish","hentry"],"acf":[],"_links":{"self":[{"href":"https:\/\/nwold.test.decotec.lv\/ru\/wp-json\/wp\/v2\/pages\/56667"}],"collection":[{"href":"https:\/\/nwold.test.decotec.lv\/ru\/wp-json\/wp\/v2\/pages"}],"about":[{"href":"https:\/\/nwold.test.decotec.lv\/ru\/wp-json\/wp\/v2\/types\/page"}],"author":[{"embeddable":true,"href":"https:\/\/nwold.test.decotec.lv\/ru\/wp-json\/wp\/v2\/users\/3985"}],"replies":[{"embeddable":true,"href":"https:\/\/nwold.test.decotec.lv\/ru\/wp-json\/wp\/v2\/comments?post=56667"}],"version-history":[{"count":1,"href":"https:\/\/nwold.test.decotec.lv\/ru\/wp-json\/wp\/v2\/pages\/56667\/revisions"}],"predecessor-version":[{"id":56671,"href":"https:\/\/nwold.test.decotec.lv\/ru\/wp-json\/wp\/v2\/pages\/56667\/revisions\/56671"}],"wp:attachment":[{"href":"https:\/\/nwold.test.decotec.lv\/ru\/wp-json\/wp\/v2\/media?parent=56667"}],"curies":[{"name":"wp","href":"https:\/\/api.w.org\/{rel}","templated":true}]}}