{"id":45118,"date":"2021-08-31T09:42:24","date_gmt":"2021-08-31T06:42:24","guid":{"rendered":"https:\/\/noblewine.lv\/?post_type=product&#038;p=45118"},"modified":"2023-07-17T12:46:43","modified_gmt":"2023-07-17T09:46:43","slug":"barbaresco-reserva-d-o-c-g-boito-magnum-2015-2","status":"publish","type":"product","link":"https:\/\/nwold.test.decotec.lv\/ru\/catalog\/vino\/barbaresco-reserva-d-o-c-g-boito-magnum-2015-2\/","title":{"rendered":"Barbaresco Reserva D.O.C.G. &#8220;Boito&#8221; Magnum 2015"},"content":{"rendered":"","protected":false},"excerpt":{"rendered":"<p>&#8220;Arom\u0101t\u0101 j\u016btamas elegantas tum\u0161o \u0137ir\u0161u, svaigu kaze\u0146u, gar\u0161vielu un melnzemes notis. Gar\u0161a ir sul\u012bga ar \u017e\u0101v\u0113tu tum\u0161o ogu un \u0137ir\u0161u not\u012bm. Tan\u012bni ir akt\u012bvi un kr\u012btaini.&#8221;\u2014 Ronalds P\u0113tersons, &#8220;Noble Wine&#8221; somelj\u0113<\/p>\n","protected":false},"featured_media":48456,"template":"","meta":[],"product_cat":[4114],"product_tag":[],"class_list":["post-45118","product","type-product","status-publish","has-post-thumbnail","hentry","product_cat-vino","pa_country-italy-ru","pa_region-piedmont-ru","pa_tips-red-wine-ru","pa_varietal-nebbiolo-ru","pa_vendor-rizzi-ru","pa_village-barbaresco-ru"],"acf":[],"_links":{"self":[{"href":"https:\/\/nwold.test.decotec.lv\/ru\/wp-json\/wp\/v2\/product\/45118"}],"collection":[{"href":"https:\/\/nwold.test.decotec.lv\/ru\/wp-json\/wp\/v2\/product"}],"about":[{"href":"https:\/\/nwold.test.decotec.lv\/ru\/wp-json\/wp\/v2\/types\/product"}],"wp:featuredmedia":[{"embeddable":true,"href":"https:\/\/nwold.test.decotec.lv\/ru\/wp-json\/wp\/v2\/media\/48456"}],"wp:attachment":[{"href":"https:\/\/nwold.test.decotec.lv\/ru\/wp-json\/wp\/v2\/media?parent=45118"}],"wp:term":[{"taxonomy":"product_cat","embeddable":true,"href":"https:\/\/nwold.test.decotec.lv\/ru\/wp-json\/wp\/v2\/product_cat?post=45118"},{"taxonomy":"product_tag","embeddable":true,"href":"https:\/\/nwold.test.decotec.lv\/ru\/wp-json\/wp\/v2\/product_tag?post=45118"}],"curies":[{"name":"wp","href":"https:\/\/api.w.org\/{rel}","templated":true}]}}