{"id":45126,"date":"2021-08-31T09:42:32","date_gmt":"2021-08-31T06:42:32","guid":{"rendered":"https:\/\/noblewine.lv\/?post_type=product&#038;p=45126"},"modified":"2022-07-28T14:14:18","modified_gmt":"2022-07-28T11:14:18","slug":"aloxe-corton-les-vercots-2018-2","status":"publish","type":"product","link":"https:\/\/nwold.test.decotec.lv\/ru\/catalog\/vino\/aloxe-corton-les-vercots-2018-2\/","title":{"rendered":"Aloxe-Corton &#8220;Les Vercots&#8221; 2018"},"content":{"rendered":"","protected":false},"excerpt":{"rendered":"<p>&#8220;Arom\u0101t\u0101 j\u016btamas svaigas tum\u0161\u0101s ogas, \u0137ir\u0161u, piparu un melnzemes notis. Gar\u0161a ir intens\u012bva un pies\u0101tin\u0101ta ar piparu, kaze\u0146u un \u0137ir\u0161u nians\u0113m. Eleganti tan\u012bni.  Intens\u012bva un gara p\u0113cgar\u0161a ar zemes un piparu not\u012bm.&#8221; \u2014 Ronalds P\u0113tersons, &#8220;Noble Wine&#8221; somelj\u0113<\/p>\n","protected":false},"featured_media":48459,"template":"","meta":[],"product_cat":[4114,4114],"product_tag":[],"class_list":{"0":"post-45126","1":"product","2":"type-product","3":"status-publish","4":"has-post-thumbnail","5":"hentry","6":"product_cat-vino","8":"pa_country-france-ru","10":"pa_region-burgundy-ru","12":"pa_tips-red-wine-ru","14":"pa_varietal-pinot-noir-ru","16":"pa_vendor-domaine-tollot-beaut-ru","18":"pa_village-aloxe-corton-ru"},"acf":[],"_links":{"self":[{"href":"https:\/\/nwold.test.decotec.lv\/ru\/wp-json\/wp\/v2\/product\/45126"}],"collection":[{"href":"https:\/\/nwold.test.decotec.lv\/ru\/wp-json\/wp\/v2\/product"}],"about":[{"href":"https:\/\/nwold.test.decotec.lv\/ru\/wp-json\/wp\/v2\/types\/product"}],"wp:featuredmedia":[{"embeddable":true,"href":"https:\/\/nwold.test.decotec.lv\/ru\/wp-json\/wp\/v2\/media\/48459"}],"wp:attachment":[{"href":"https:\/\/nwold.test.decotec.lv\/ru\/wp-json\/wp\/v2\/media?parent=45126"}],"wp:term":[{"taxonomy":"product_cat","embeddable":true,"href":"https:\/\/nwold.test.decotec.lv\/ru\/wp-json\/wp\/v2\/product_cat?post=45126"},{"taxonomy":"product_tag","embeddable":true,"href":"https:\/\/nwold.test.decotec.lv\/ru\/wp-json\/wp\/v2\/product_tag?post=45126"}],"curies":[{"name":"wp","href":"https:\/\/api.w.org\/{rel}","templated":true}]}}