{"id":45158,"date":"2021-07-22T15:39:33","date_gmt":"2021-07-22T12:39:33","guid":{"rendered":"https:\/\/noblewine.lv\/?post_type=product&#038;p=45158"},"modified":"2022-09-02T14:21:52","modified_gmt":"2022-09-02T11:21:52","slug":"amos-alto-adige-doc-2019-2","status":"publish","type":"product","link":"https:\/\/nwold.test.decotec.lv\/ru\/catalog\/vino\/amos-alto-adige-doc-2019-2\/","title":{"rendered":"&#8220;Amos&#8221; Alto Adige DOC 2019"},"content":{"rendered":"","protected":false},"excerpt":{"rendered":"<p>&#8220;Arom\u0101ta ir j\u016btama kr\u012bta, krama un za\u013co \u0101bolu notis. Gar\u0161\u0101 v\u012bns ir sul\u012bgs, viegls ar citrusu un sul\u012bga \u0101bola nians\u0113m.&#8221; &#8211; Ronalds P\u0113tersons, &#8220;Noble Wine&#8221; somelj\u0113<\/p>\n","protected":false},"featured_media":48384,"template":"","meta":[],"product_cat":[4114,4114],"product_tag":[],"class_list":{"0":"post-45158","1":"product","2":"type-product","3":"status-publish","4":"has-post-thumbnail","5":"hentry","6":"product_cat-vino","8":"pa_country-italy-ru","10":"pa_region-trentino-alto-adidge-ru","12":"pa_tips-beloe-vino","14":"pa_varietal-chardonnay-ru","16":"pa_varietal-kerner-ru","18":"pa_varietal-pinot-bianco-ru","20":"pa_varietal-pinot-grigio-ru","22":"pa_varietal-sauvignon-blanc-ru","24":"pa_vendor-kurtatsch-ru"},"acf":[],"_links":{"self":[{"href":"https:\/\/nwold.test.decotec.lv\/ru\/wp-json\/wp\/v2\/product\/45158"}],"collection":[{"href":"https:\/\/nwold.test.decotec.lv\/ru\/wp-json\/wp\/v2\/product"}],"about":[{"href":"https:\/\/nwold.test.decotec.lv\/ru\/wp-json\/wp\/v2\/types\/product"}],"wp:featuredmedia":[{"embeddable":true,"href":"https:\/\/nwold.test.decotec.lv\/ru\/wp-json\/wp\/v2\/media\/48384"}],"wp:attachment":[{"href":"https:\/\/nwold.test.decotec.lv\/ru\/wp-json\/wp\/v2\/media?parent=45158"}],"wp:term":[{"taxonomy":"product_cat","embeddable":true,"href":"https:\/\/nwold.test.decotec.lv\/ru\/wp-json\/wp\/v2\/product_cat?post=45158"},{"taxonomy":"product_tag","embeddable":true,"href":"https:\/\/nwold.test.decotec.lv\/ru\/wp-json\/wp\/v2\/product_tag?post=45158"}],"curies":[{"name":"wp","href":"https:\/\/api.w.org\/{rel}","templated":true}]}}