{"id":45162,"date":"2021-07-27T17:34:50","date_gmt":"2021-07-27T14:34:50","guid":{"rendered":"https:\/\/noblewine.lv\/?post_type=product&#038;p=45162"},"modified":"2022-07-28T14:14:25","modified_gmt":"2022-07-28T11:14:25","slug":"seleccion-especial-reserva-rioja-d-o-ca","status":"publish","type":"product","link":"https:\/\/nwold.test.decotec.lv\/ru\/catalog\/vino\/seleccion-especial-reserva-rioja-d-o-ca\/","title":{"rendered":"&#8220;Seleccion Especial&#8221; Reserva Rioja D.O.Ca."},"content":{"rendered":"","protected":false},"excerpt":{"rendered":"<p>&#8220;Arom\u0101t\u0101 j\u016btami gatavu \u0137ir\u0161u, melle\u0146u, pikanto gar\u0161vielu un melnzemes notis. Gar\u0161\u0101 v\u012bns ir vid\u0113jas miesas b\u016bves, aug\u013cains, sul\u012bgs ar \u017e\u0101v\u0113tu \u0137ir\u0161u un sauso gar\u0161vielu nians\u0113m. Tan\u012bni ir kr\u012btaini. P\u0113cgar\u0161a ir notur\u012bga.&#8221; \u2014 Ronalds P\u0113tersons, &#8220;Noble Wine&#8221; somelj\u0113<\/p>\n","protected":false},"featured_media":48769,"template":"","meta":[],"product_cat":[4114,4114],"product_tag":[],"class_list":{"0":"post-45162","1":"product","2":"type-product","3":"status-publish","4":"has-post-thumbnail","5":"hentry","6":"product_cat-vino","8":"pa_country-spain-ru","10":"pa_region-rioja-ru","12":"pa_tips-red-wine-ru","14":"pa_varietal-garnacha-ru","16":"pa_varietal-graciano-ru","18":"pa_varietal-mazuelo-ru","20":"pa_varietal-tempranillo-ru","22":"pa_vendor-bodegas-muga-ru"},"acf":[],"_links":{"self":[{"href":"https:\/\/nwold.test.decotec.lv\/ru\/wp-json\/wp\/v2\/product\/45162"}],"collection":[{"href":"https:\/\/nwold.test.decotec.lv\/ru\/wp-json\/wp\/v2\/product"}],"about":[{"href":"https:\/\/nwold.test.decotec.lv\/ru\/wp-json\/wp\/v2\/types\/product"}],"wp:featuredmedia":[{"embeddable":true,"href":"https:\/\/nwold.test.decotec.lv\/ru\/wp-json\/wp\/v2\/media\/48769"}],"wp:attachment":[{"href":"https:\/\/nwold.test.decotec.lv\/ru\/wp-json\/wp\/v2\/media?parent=45162"}],"wp:term":[{"taxonomy":"product_cat","embeddable":true,"href":"https:\/\/nwold.test.decotec.lv\/ru\/wp-json\/wp\/v2\/product_cat?post=45162"},{"taxonomy":"product_tag","embeddable":true,"href":"https:\/\/nwold.test.decotec.lv\/ru\/wp-json\/wp\/v2\/product_tag?post=45162"}],"curies":[{"name":"wp","href":"https:\/\/api.w.org\/{rel}","templated":true}]}}