{"id":45176,"date":"2021-08-31T09:43:02","date_gmt":"2021-08-31T06:43:02","guid":{"rendered":"https:\/\/noblewine.lv\/?post_type=product&#038;p=45176"},"modified":"2023-06-14T10:34:41","modified_gmt":"2023-06-14T07:34:41","slug":"aligote-raisins-dores-2018-2","status":"publish","type":"product","link":"https:\/\/nwold.test.decotec.lv\/ru\/catalog\/vino\/aligote-raisins-dores-2018-2\/","title":{"rendered":"Aligote &#8220;Raisins Dores&#8221; 2018"},"content":{"rendered":"","protected":false},"excerpt":{"rendered":"<p>&#8220;V\u012bnam piem\u012bt miner\u0101lu, svaigu citursu mizu, kr\u012bta un bergamota notis. Spilgts v\u012bns. P\u0113cgar\u0161\u0101 jau\u0161ams sk\u0101bums, kas nor\u0101da uz lielisku miner\u0101lu strukt\u016bru.&#8221; \u2014 Ronalds P\u0113tersons, &#8220;Noble Wine&#8221; somelj\u0113<\/p>\n","protected":false},"featured_media":37829,"template":"","meta":[],"product_cat":[4114],"product_tag":[3142],"class_list":["post-45176","product","type-product","status-publish","has-post-thumbnail","hentry","product_cat-vino","product_tag-no-photo-ru","pa_country-france-ru","pa_region-burgundy-ru","pa_tips-beloe-vino","pa_varietal-aligote-ru","pa_vendor-domaine-lafarge-ru","pa_village-regional-ru"],"acf":[],"_links":{"self":[{"href":"https:\/\/nwold.test.decotec.lv\/ru\/wp-json\/wp\/v2\/product\/45176"}],"collection":[{"href":"https:\/\/nwold.test.decotec.lv\/ru\/wp-json\/wp\/v2\/product"}],"about":[{"href":"https:\/\/nwold.test.decotec.lv\/ru\/wp-json\/wp\/v2\/types\/product"}],"wp:featuredmedia":[{"embeddable":true,"href":"https:\/\/nwold.test.decotec.lv\/ru\/wp-json\/wp\/v2\/media\/37829"}],"wp:attachment":[{"href":"https:\/\/nwold.test.decotec.lv\/ru\/wp-json\/wp\/v2\/media?parent=45176"}],"wp:term":[{"taxonomy":"product_cat","embeddable":true,"href":"https:\/\/nwold.test.decotec.lv\/ru\/wp-json\/wp\/v2\/product_cat?post=45176"},{"taxonomy":"product_tag","embeddable":true,"href":"https:\/\/nwold.test.decotec.lv\/ru\/wp-json\/wp\/v2\/product_tag?post=45176"}],"curies":[{"name":"wp","href":"https:\/\/api.w.org\/{rel}","templated":true}]}}