{"id":45204,"date":"2021-07-28T15:12:35","date_gmt":"2021-07-28T12:12:35","guid":{"rendered":"https:\/\/noblewine.lv\/?post_type=product&#038;p=45204"},"modified":"2022-07-28T14:14:22","modified_gmt":"2022-07-28T11:14:22","slug":"volnay-1er-cru-mitans-2018-2","status":"publish","type":"product","link":"https:\/\/nwold.test.decotec.lv\/ru\/catalog\/vino\/volnay-1er-cru-mitans-2018-2\/","title":{"rendered":"Volnay 1er Cru &#8220;Mitans&#8221; 2018"},"content":{"rendered":"","protected":false},"excerpt":{"rendered":"<p>&#8220;Arom\u0101t\u0101 j\u016btamas glaz\u0113tas sarkano ogu notis ar d\u016bmu un melnzemes nians\u0113m fon\u0101. Gar\u0161a ir sul\u012bga, intens\u012bva ar gatavu  sarkano ogu, saldo gar\u0161vielu un riekstu nians\u0113m. Maigi un z\u012bdaini tan\u012bni.  Sul\u012bga un tum\u012bga p\u0113cgar\u0161a ar gar\u0161vielu not\u012bm.&#8221; \u2014 Ronalds P\u0113tersons, &#8220;Noble Wine&#8221; somelj\u0113<\/p>\n","protected":false},"featured_media":48417,"template":"","meta":[],"product_cat":[4114,4114],"product_tag":[],"class_list":{"0":"post-45204","1":"product","2":"type-product","3":"status-publish","4":"has-post-thumbnail","5":"hentry","6":"product_cat-vino","8":"pa_country-france-ru","10":"pa_region-burgundy-ru","12":"pa_tips-red-wine-ru","14":"pa_varietal-pinot-noir-ru","16":"pa_vendor-domaine-lafarge-ru","18":"pa_village-volnay-ru"},"acf":[],"_links":{"self":[{"href":"https:\/\/nwold.test.decotec.lv\/ru\/wp-json\/wp\/v2\/product\/45204"}],"collection":[{"href":"https:\/\/nwold.test.decotec.lv\/ru\/wp-json\/wp\/v2\/product"}],"about":[{"href":"https:\/\/nwold.test.decotec.lv\/ru\/wp-json\/wp\/v2\/types\/product"}],"wp:featuredmedia":[{"embeddable":true,"href":"https:\/\/nwold.test.decotec.lv\/ru\/wp-json\/wp\/v2\/media\/48417"}],"wp:attachment":[{"href":"https:\/\/nwold.test.decotec.lv\/ru\/wp-json\/wp\/v2\/media?parent=45204"}],"wp:term":[{"taxonomy":"product_cat","embeddable":true,"href":"https:\/\/nwold.test.decotec.lv\/ru\/wp-json\/wp\/v2\/product_cat?post=45204"},{"taxonomy":"product_tag","embeddable":true,"href":"https:\/\/nwold.test.decotec.lv\/ru\/wp-json\/wp\/v2\/product_tag?post=45204"}],"curies":[{"name":"wp","href":"https:\/\/api.w.org\/{rel}","templated":true}]}}