{"id":45698,"date":"2021-09-30T10:50:05","date_gmt":"2021-09-30T07:50:05","guid":{"rendered":"https:\/\/noblewineshop-lv-www.localtest.me\/catalog\/vins\/muscadet-sevre-et-main-sur-lie-clisson-2017-3\/"},"modified":"2022-01-14T16:57:53","modified_gmt":"2022-01-14T14:57:53","slug":"muscadet-sevre-et-main-sur-lie-clisson-2017-3","status":"publish","type":"product","link":"https:\/\/nwold.test.decotec.lv\/ru\/catalog\/vino\/muscadet-sevre-et-main-sur-lie-clisson-2017-3\/","title":{"rendered":"Muscadet-Sevre-et-Main Sur-Lie &#8220;Clisson&#8221;  2017"},"content":{"rendered":"","protected":false},"excerpt":{"rendered":"<p>&#8220;Arom\u0101ts ir elegants ar laima, z\u0101les, krama un kr\u012bta not\u012bm. Gar\u0161\u0101 v\u012bns ir sauss, sul\u012bgs, ar augstu sk\u0101bumu. Citrusu, akmens un s\u0101ls nianses domin\u0113 gar\u0161\u0101.&#8221; \u2014 Ronalds P\u0113tersons, &#8220;Noble Wine&#8221; somelj\u0113<\/p>\n","protected":false},"featured_media":42074,"template":"","meta":[],"product_cat":[4114],"product_tag":[],"class_list":["post-45698","product","type-product","status-publish","has-post-thumbnail","hentry","product_cat-vino","pa_country-france-ru","pa_tips-beloe-vino"],"acf":[],"_links":{"self":[{"href":"https:\/\/nwold.test.decotec.lv\/ru\/wp-json\/wp\/v2\/product\/45698"}],"collection":[{"href":"https:\/\/nwold.test.decotec.lv\/ru\/wp-json\/wp\/v2\/product"}],"about":[{"href":"https:\/\/nwold.test.decotec.lv\/ru\/wp-json\/wp\/v2\/types\/product"}],"wp:featuredmedia":[{"embeddable":true,"href":"https:\/\/nwold.test.decotec.lv\/ru\/wp-json\/wp\/v2\/media\/42074"}],"wp:attachment":[{"href":"https:\/\/nwold.test.decotec.lv\/ru\/wp-json\/wp\/v2\/media?parent=45698"}],"wp:term":[{"taxonomy":"product_cat","embeddable":true,"href":"https:\/\/nwold.test.decotec.lv\/ru\/wp-json\/wp\/v2\/product_cat?post=45698"},{"taxonomy":"product_tag","embeddable":true,"href":"https:\/\/nwold.test.decotec.lv\/ru\/wp-json\/wp\/v2\/product_tag?post=45698"}],"curies":[{"name":"wp","href":"https:\/\/api.w.org\/{rel}","templated":true}]}}