{"id":45836,"date":"2021-08-31T13:41:58","date_gmt":"2021-08-31T10:41:58","guid":{"rendered":"https:\/\/noblewineshop-lv-www.localtest.me\/catalog\/vins\/chablis-grand-cru-valmur-2017-3\/"},"modified":"2023-02-08T12:20:58","modified_gmt":"2023-02-08T10:20:58","slug":"chablis-grand-cru-valmur-2017-3","status":"publish","type":"product","link":"https:\/\/nwold.test.decotec.lv\/ru\/catalog\/davanu-konstruktors-ru\/vini-ru\/baltvini-ru\/chablis-grand-cru-valmur-2017-3\/","title":{"rendered":"Chablis Grand Cru &#8220;Valmur&#8221; 2017"},"content":{"rendered":"","protected":false},"excerpt":{"rendered":"<p>&#8220;V\u012bnam piem\u012bt miner\u0101lu, svaigu aug\u013cu un bergamota notis. Spilgts v\u012bns. P\u0113cgar\u0161\u0101 jau\u0161ams sk\u0101bums, kas nor\u0101da uz lielisku miner\u0101lu strukt\u016bru.&#8221;  \u2014 Ronalds P\u0113tersons, &#8220;Noble Wine&#8221; somelj\u0113<\/p>\n","protected":false},"featured_media":40513,"template":"","meta":[],"product_cat":[4114,5503],"product_tag":[],"class_list":["post-45836","product","type-product","status-publish","has-post-thumbnail","hentry","product_cat-vino","product_cat-baltvini-ru","pa_country-france-ru","pa_region-burgundy-ru","pa_tips-beloe-vino","pa_varietal-chardonnay-ru","pa_vendor-louis-moreau-ru","pa_village-chablis-ru"],"acf":[],"_links":{"self":[{"href":"https:\/\/nwold.test.decotec.lv\/ru\/wp-json\/wp\/v2\/product\/45836"}],"collection":[{"href":"https:\/\/nwold.test.decotec.lv\/ru\/wp-json\/wp\/v2\/product"}],"about":[{"href":"https:\/\/nwold.test.decotec.lv\/ru\/wp-json\/wp\/v2\/types\/product"}],"wp:featuredmedia":[{"embeddable":true,"href":"https:\/\/nwold.test.decotec.lv\/ru\/wp-json\/wp\/v2\/media\/40513"}],"wp:attachment":[{"href":"https:\/\/nwold.test.decotec.lv\/ru\/wp-json\/wp\/v2\/media?parent=45836"}],"wp:term":[{"taxonomy":"product_cat","embeddable":true,"href":"https:\/\/nwold.test.decotec.lv\/ru\/wp-json\/wp\/v2\/product_cat?post=45836"},{"taxonomy":"product_tag","embeddable":true,"href":"https:\/\/nwold.test.decotec.lv\/ru\/wp-json\/wp\/v2\/product_tag?post=45836"}],"curies":[{"name":"wp","href":"https:\/\/api.w.org\/{rel}","templated":true}]}}