{"id":46310,"date":"2020-12-11T02:39:03","date_gmt":"2020-12-11T00:39:03","guid":{"rendered":"https:\/\/noblewineshop-lv-www.localtest.me\/catalog\/vins\/riesling-brauneberger-mandelgraben-eiswein-edelsuss-4\/"},"modified":"2024-02-01T10:21:52","modified_gmt":"2024-02-01T08:21:52","slug":"riesling-brauneberger-mandelgraben-eiswein-edelsuss-4","status":"publish","type":"product","link":"https:\/\/nwold.test.decotec.lv\/ru\/catalog\/vino\/riesling-brauneberger-mandelgraben-eiswein-edelsuss-4\/","title":{"rendered":"Riesling Brauneberger Mandelgraben Eiswein * Edelsuss 2009"},"content":{"rendered":"","protected":false},"excerpt":{"rendered":"<p>&#8220;Arom\u0101ta ir j\u016btamas medus, \u017e\u0101v\u0113tu dzelteno \u0101bolu un persiku notis. Gar\u0161\u0101 v\u012bns ir \u013coti sul\u012bgs, labi integr\u0113tu saldumu un cidoniju nians\u0113m. P\u0113cgar\u0161a \u013coti gara.&#8221; &#8211; Ronalds P\u0113tersons, &#8220;Noble Wine&#8221; somelj\u0113<\/p>\n","protected":false},"featured_media":38817,"template":"","meta":[],"product_cat":[4114],"product_tag":[],"class_list":["post-46310","product","type-product","status-publish","has-post-thumbnail","hentry","product_cat-vino","pa_country-germany-ru","pa_region-mosel-ru","pa_tips-red-wine-ru","pa_varietal-riesling-ru","pa_vendor-weingut-markus-molitor-ru"],"acf":[],"_links":{"self":[{"href":"https:\/\/nwold.test.decotec.lv\/ru\/wp-json\/wp\/v2\/product\/46310"}],"collection":[{"href":"https:\/\/nwold.test.decotec.lv\/ru\/wp-json\/wp\/v2\/product"}],"about":[{"href":"https:\/\/nwold.test.decotec.lv\/ru\/wp-json\/wp\/v2\/types\/product"}],"wp:featuredmedia":[{"embeddable":true,"href":"https:\/\/nwold.test.decotec.lv\/ru\/wp-json\/wp\/v2\/media\/38817"}],"wp:attachment":[{"href":"https:\/\/nwold.test.decotec.lv\/ru\/wp-json\/wp\/v2\/media?parent=46310"}],"wp:term":[{"taxonomy":"product_cat","embeddable":true,"href":"https:\/\/nwold.test.decotec.lv\/ru\/wp-json\/wp\/v2\/product_cat?post=46310"},{"taxonomy":"product_tag","embeddable":true,"href":"https:\/\/nwold.test.decotec.lv\/ru\/wp-json\/wp\/v2\/product_tag?post=46310"}],"curies":[{"name":"wp","href":"https:\/\/api.w.org\/{rel}","templated":true}]}}