{"id":46322,"date":"2020-12-11T02:38:32","date_gmt":"2020-12-11T00:38:32","guid":{"rendered":"https:\/\/noblewineshop-lv-www.localtest.me\/catalog\/vins\/chateau-thebaud-muscadet-sevre-et-main-sur-lie-magnum-2014-3\/"},"modified":"2022-03-04T12:40:41","modified_gmt":"2022-03-04T10:40:41","slug":"chateau-thebaud-muscadet-sevre-et-main-sur-lie-magnum-2014-3","status":"publish","type":"product","link":"https:\/\/nwold.test.decotec.lv\/ru\/catalog\/vino\/chateau-thebaud-muscadet-sevre-et-main-sur-lie-magnum-2014-3\/","title":{"rendered":"&#8220;Chateau-Thebaud&#8221; Muscadet-Sevre-et-Main Sur-Lie Magnum 2014"},"content":{"rendered":"","protected":false},"excerpt":{"rendered":"<p>&#8220;Arom\u0101ts ir elegants ar laima, z\u0101les, krama un kr\u012bta not\u012bm. Gar\u0161\u0101 v\u012bns ir sauss, sul\u012bgs, ar augstu sk\u0101bumu. Citrusu, akmens un s\u0101ls nianses domin\u0113 gar\u0161\u0101.&#8221; \u2014 Ronalds P\u0113tersons, &#8220;Noble Wine&#8221; somelj\u0113<\/p>\n","protected":false},"featured_media":48854,"template":"","meta":[],"product_cat":[4114],"product_tag":[3137],"class_list":["post-46322","product","type-product","status-publish","has-post-thumbnail","hentry","product_cat-vino","product_tag-natural-ru","pa_country-france-ru","pa_region-loire-ru","pa_tips-beloe-vino","pa_varietal-melon-de-bourgogne-ru","pa_vendor-domaine-de-la-pepiere-ru","pa_village-muscadet-sevre-et-maine-ru"],"acf":[],"_links":{"self":[{"href":"https:\/\/nwold.test.decotec.lv\/ru\/wp-json\/wp\/v2\/product\/46322"}],"collection":[{"href":"https:\/\/nwold.test.decotec.lv\/ru\/wp-json\/wp\/v2\/product"}],"about":[{"href":"https:\/\/nwold.test.decotec.lv\/ru\/wp-json\/wp\/v2\/types\/product"}],"wp:featuredmedia":[{"embeddable":true,"href":"https:\/\/nwold.test.decotec.lv\/ru\/wp-json\/wp\/v2\/media\/48854"}],"wp:attachment":[{"href":"https:\/\/nwold.test.decotec.lv\/ru\/wp-json\/wp\/v2\/media?parent=46322"}],"wp:term":[{"taxonomy":"product_cat","embeddable":true,"href":"https:\/\/nwold.test.decotec.lv\/ru\/wp-json\/wp\/v2\/product_cat?post=46322"},{"taxonomy":"product_tag","embeddable":true,"href":"https:\/\/nwold.test.decotec.lv\/ru\/wp-json\/wp\/v2\/product_tag?post=46322"}],"curies":[{"name":"wp","href":"https:\/\/api.w.org\/{rel}","templated":true}]}}