{"id":46388,"date":"2020-12-11T02:31:15","date_gmt":"2020-12-11T00:31:15","guid":{"rendered":"https:\/\/noblewineshop-lv-www.localtest.me\/catalog\/vins\/parigot-cremant-de-bourgogne-extra-brut-prophete-3\/"},"modified":"2022-02-21T10:07:39","modified_gmt":"2022-02-21T08:07:39","slug":"parigot-cremant-de-bourgogne-extra-brut-prophete-3","status":"publish","type":"product","link":"https:\/\/nwold.test.decotec.lv\/ru\/catalog\/vino\/parigot-cremant-de-bourgogne-extra-brut-prophete-3\/","title":{"rendered":"Cremant de Bourgogne Extra Brut Prophete 2015"},"content":{"rendered":"","protected":false},"excerpt":{"rendered":"<p>&#8220;Arom\u0101t\u0101 j\u016btamas saldas \u0101pola k\u016bkas, sarkano \u0101bolu un sald\u0101 kr\u0113juma notis. Gar\u0161\u0101 j\u016btama intensit\u0101tes un svaiguma kombin\u0101cija. Ekspres\u012bvs v\u012bns ar izteiktu raksturu.&#8221; \u2014 Ronalds P\u0113tersons, &#8220;Noble Wine&#8221; somelj\u0113 <\/p>\n","protected":false},"featured_media":38669,"template":"","meta":[],"product_cat":[4114],"product_tag":[],"class_list":["post-46388","product","type-product","status-publish","has-post-thumbnail","hentry","product_cat-vino","pa_country-france-ru","pa_region-burgundy-ru","pa_tips-igristye-vina","pa_varietal-chardonnay-ru","pa_varietal-pinot-noir-ru","pa_vendor-parigot-et-richard-ru","pa_village-regional-sparkling-ru"],"acf":[],"_links":{"self":[{"href":"https:\/\/nwold.test.decotec.lv\/ru\/wp-json\/wp\/v2\/product\/46388"}],"collection":[{"href":"https:\/\/nwold.test.decotec.lv\/ru\/wp-json\/wp\/v2\/product"}],"about":[{"href":"https:\/\/nwold.test.decotec.lv\/ru\/wp-json\/wp\/v2\/types\/product"}],"wp:featuredmedia":[{"embeddable":true,"href":"https:\/\/nwold.test.decotec.lv\/ru\/wp-json\/wp\/v2\/media\/38669"}],"wp:attachment":[{"href":"https:\/\/nwold.test.decotec.lv\/ru\/wp-json\/wp\/v2\/media?parent=46388"}],"wp:term":[{"taxonomy":"product_cat","embeddable":true,"href":"https:\/\/nwold.test.decotec.lv\/ru\/wp-json\/wp\/v2\/product_cat?post=46388"},{"taxonomy":"product_tag","embeddable":true,"href":"https:\/\/nwold.test.decotec.lv\/ru\/wp-json\/wp\/v2\/product_tag?post=46388"}],"curies":[{"name":"wp","href":"https:\/\/api.w.org\/{rel}","templated":true}]}}