{"id":46403,"date":"2020-12-11T02:30:51","date_gmt":"2020-12-11T00:30:51","guid":{"rendered":"https:\/\/noblewineshop-lv-www.localtest.me\/catalog\/vins\/jacquesson-dizy-corne-bautray-4-3\/"},"modified":"2023-06-15T09:58:33","modified_gmt":"2023-06-15T06:58:33","slug":"jacquesson-dizy-corne-bautray-4-3","status":"publish","type":"product","link":"https:\/\/nwold.test.decotec.lv\/ru\/catalog\/vino\/jacquesson-dizy-corne-bautray-4-3\/","title":{"rendered":"Jacquesson Dizy Corne Bautray 2009"},"content":{"rendered":"","protected":false},"excerpt":{"rendered":"<p>&#8220;Ekspres\u012bvas citronu, bumbieru, kumel\u012b\u0161u un tost\u0113tas maizes notis. Gar\u0161\u0101 v\u012bnam ir sul\u012bgas un t\u012bras citrusu, balto ziedu, za\u013co \u0101bolu un miner\u0101lu notis. P\u0113cgar\u0161a ir ilga, bl\u012bva, ar balto ziedu not\u012bm.&#8221; \u2014 Ronalds P\u0113tersons, &#8220;Noble Wine&#8221; somelj\u0113<\/p>\n","protected":false},"featured_media":38654,"template":"","meta":[],"product_cat":[4114],"product_tag":[],"class_list":["post-46403","product","type-product","status-publish","has-post-thumbnail","hentry","product_cat-vino","pa_country-france-ru","pa_region-champagne-ru","pa_tips-igristye-vina","pa_varietal-chardonnay-ru","pa_vendor-champagne-jacquesson-ru","pa_village-brut-ru"],"acf":[],"_links":{"self":[{"href":"https:\/\/nwold.test.decotec.lv\/ru\/wp-json\/wp\/v2\/product\/46403"}],"collection":[{"href":"https:\/\/nwold.test.decotec.lv\/ru\/wp-json\/wp\/v2\/product"}],"about":[{"href":"https:\/\/nwold.test.decotec.lv\/ru\/wp-json\/wp\/v2\/types\/product"}],"wp:featuredmedia":[{"embeddable":true,"href":"https:\/\/nwold.test.decotec.lv\/ru\/wp-json\/wp\/v2\/media\/38654"}],"wp:attachment":[{"href":"https:\/\/nwold.test.decotec.lv\/ru\/wp-json\/wp\/v2\/media?parent=46403"}],"wp:term":[{"taxonomy":"product_cat","embeddable":true,"href":"https:\/\/nwold.test.decotec.lv\/ru\/wp-json\/wp\/v2\/product_cat?post=46403"},{"taxonomy":"product_tag","embeddable":true,"href":"https:\/\/nwold.test.decotec.lv\/ru\/wp-json\/wp\/v2\/product_tag?post=46403"}],"curies":[{"name":"wp","href":"https:\/\/api.w.org\/{rel}","templated":true}]}}