{"id":46454,"date":"2020-12-11T02:29:41","date_gmt":"2020-12-11T00:29:41","guid":{"rendered":"https:\/\/noblewineshop-lv-www.localtest.me\/catalog\/vins\/nero-d-avola-nerojbleo-3\/"},"modified":"2022-01-10T15:25:30","modified_gmt":"2022-01-10T13:25:30","slug":"nero-d-avola-nerojbleo-3","status":"publish","type":"product","link":"https:\/\/nwold.test.decotec.lv\/ru\/catalog\/vino\/nero-d-avola-nerojbleo-3\/","title":{"rendered":"Nero d Avola &#8220;Nerojbleo&#8221; 2017"},"content":{"rendered":"","protected":false},"excerpt":{"rendered":"<p>Arom\u0101t\u0101 j\u016btamas gatavu sarkano ogu, \u0137ir\u0161u, tabakas un sarkan\u0101s pl\u016bmes notis. Gar\u0161a svaiga ar sul\u012bgu sk\u0101bumu, \u0137ir\u0161u, riekstu un vijol\u012b\u0161u not\u012bm. P\u0113cgar\u0161a ir ilga un svaiga. \u2014 Ronalds P\u0113tersons, &#8220;Noble Wine&#8221; somelj\u0113<\/p>\n","protected":false},"featured_media":38597,"template":"","meta":[],"product_cat":[4114],"product_tag":[3137,4949],"class_list":["post-46454","product","type-product","status-publish","has-post-thumbnail","hentry","product_cat-vino","product_tag-natural-ru","product_tag-new-arrivals-2-en-ru","pa_country-italy-ru","pa_region-sicily-ru","pa_tips-red-wine-ru","pa_varietal-nero-davola-ru","pa_vendor-gulfi-ru"],"acf":[],"_links":{"self":[{"href":"https:\/\/nwold.test.decotec.lv\/ru\/wp-json\/wp\/v2\/product\/46454"}],"collection":[{"href":"https:\/\/nwold.test.decotec.lv\/ru\/wp-json\/wp\/v2\/product"}],"about":[{"href":"https:\/\/nwold.test.decotec.lv\/ru\/wp-json\/wp\/v2\/types\/product"}],"wp:featuredmedia":[{"embeddable":true,"href":"https:\/\/nwold.test.decotec.lv\/ru\/wp-json\/wp\/v2\/media\/38597"}],"wp:attachment":[{"href":"https:\/\/nwold.test.decotec.lv\/ru\/wp-json\/wp\/v2\/media?parent=46454"}],"wp:term":[{"taxonomy":"product_cat","embeddable":true,"href":"https:\/\/nwold.test.decotec.lv\/ru\/wp-json\/wp\/v2\/product_cat?post=46454"},{"taxonomy":"product_tag","embeddable":true,"href":"https:\/\/nwold.test.decotec.lv\/ru\/wp-json\/wp\/v2\/product_tag?post=46454"}],"curies":[{"name":"wp","href":"https:\/\/api.w.org\/{rel}","templated":true}]}}