{"id":46496,"date":"2020-12-11T02:28:21","date_gmt":"2020-12-11T00:28:21","guid":{"rendered":"https:\/\/noblewineshop-lv-www.localtest.me\/catalog\/vins\/clos-du-bourg-moelleux-3\/"},"modified":"2022-01-24T14:26:13","modified_gmt":"2022-01-24T12:26:13","slug":"clos-du-bourg-moelleux-3","status":"publish","type":"product","link":"https:\/\/nwold.test.decotec.lv\/ru\/catalog\/vino\/clos-du-bourg-moelleux-3\/","title":{"rendered":"&#8220;Clos du Bourg&#8221;  Moelleux 2009"},"content":{"rendered":"","protected":false},"excerpt":{"rendered":"<p>&#8220;Arom\u0101ts ir ekspres\u012bvs ar l\u012b\u010diju, tropisko aug\u013cu un medus not\u012bm. Gar\u0161\u0101 v\u012bns ir salds, sul\u012bgs, apa\u013c\u0161 ar anan\u0101sa, apriko\u017eu, bi\u0161u vaska nians\u0113m un ilgu p\u0113cgar\u0161u.&#8221; \u2014 Ronalds P\u0113tersons, &#8220;Noble Wine&#8221; somelj\u0113<\/p>\n","protected":false},"featured_media":38525,"template":"","meta":[],"product_cat":[4114],"product_tag":[3137],"class_list":["post-46496","product","type-product","status-publish","has-post-thumbnail","hentry","product_cat-vino","product_tag-natural-ru","pa_country-france-ru","pa_region-loire-ru","pa_tips-desertnye-vina","pa_varietal-chenin-blanc-ru","pa_vendor-domaine-huet-ru","pa_village-vouvray-ru"],"acf":[],"_links":{"self":[{"href":"https:\/\/nwold.test.decotec.lv\/ru\/wp-json\/wp\/v2\/product\/46496"}],"collection":[{"href":"https:\/\/nwold.test.decotec.lv\/ru\/wp-json\/wp\/v2\/product"}],"about":[{"href":"https:\/\/nwold.test.decotec.lv\/ru\/wp-json\/wp\/v2\/types\/product"}],"wp:featuredmedia":[{"embeddable":true,"href":"https:\/\/nwold.test.decotec.lv\/ru\/wp-json\/wp\/v2\/media\/38525"}],"wp:attachment":[{"href":"https:\/\/nwold.test.decotec.lv\/ru\/wp-json\/wp\/v2\/media?parent=46496"}],"wp:term":[{"taxonomy":"product_cat","embeddable":true,"href":"https:\/\/nwold.test.decotec.lv\/ru\/wp-json\/wp\/v2\/product_cat?post=46496"},{"taxonomy":"product_tag","embeddable":true,"href":"https:\/\/nwold.test.decotec.lv\/ru\/wp-json\/wp\/v2\/product_tag?post=46496"}],"curies":[{"name":"wp","href":"https:\/\/api.w.org\/{rel}","templated":true}]}}