{"id":46538,"date":"2020-12-11T02:26:17","date_gmt":"2020-12-11T00:26:17","guid":{"rendered":"https:\/\/noblewineshop-lv-www.localtest.me\/catalog\/vins\/chateau-guiraud-1gcc-sauternes-3\/"},"modified":"2024-02-01T10:19:47","modified_gmt":"2024-02-01T08:19:47","slug":"chateau-guiraud-1gcc-sauternes-3","status":"publish","type":"product","link":"https:\/\/nwold.test.decotec.lv\/ru\/catalog\/vino\/chateau-guiraud-1gcc-sauternes-3\/","title":{"rendered":"Chateau Guiraud 1GCC Sauternes 2015"},"content":{"rendered":"","protected":false},"excerpt":{"rendered":"<p>&#8220;Arom\u0101t\u0101 j\u016btamas piparu, riekstu, medus un anan\u0101su notis. Gar\u0161\u0101 v\u012bns ir tum\u012bgs un svaigs ar tropisko aug\u013cu, medus un apels\u012bnu nians\u0113m.&#8221; \u2014 Ronalds P\u0113tersons, &#8220;Noble Wine&#8221; somelj\u0113<\/p>\n","protected":false},"featured_media":38438,"template":"","meta":[],"product_cat":[4114],"product_tag":[5836],"class_list":["post-46538","product","type-product","status-publish","has-post-thumbnail","hentry","product_cat-vino","product_tag-french_lovers-ru","pa_country-france-ru","pa_region-bordeaux-ru","pa_tips-desertnye-vina","pa_varietal-sauvignon-blanc-ru","pa_varietal-semillon-ru","pa_vendor-chateau-guiraud-ru","pa_village-sauternes-ru"],"acf":[],"_links":{"self":[{"href":"https:\/\/nwold.test.decotec.lv\/ru\/wp-json\/wp\/v2\/product\/46538"}],"collection":[{"href":"https:\/\/nwold.test.decotec.lv\/ru\/wp-json\/wp\/v2\/product"}],"about":[{"href":"https:\/\/nwold.test.decotec.lv\/ru\/wp-json\/wp\/v2\/types\/product"}],"wp:featuredmedia":[{"embeddable":true,"href":"https:\/\/nwold.test.decotec.lv\/ru\/wp-json\/wp\/v2\/media\/38438"}],"wp:attachment":[{"href":"https:\/\/nwold.test.decotec.lv\/ru\/wp-json\/wp\/v2\/media?parent=46538"}],"wp:term":[{"taxonomy":"product_cat","embeddable":true,"href":"https:\/\/nwold.test.decotec.lv\/ru\/wp-json\/wp\/v2\/product_cat?post=46538"},{"taxonomy":"product_tag","embeddable":true,"href":"https:\/\/nwold.test.decotec.lv\/ru\/wp-json\/wp\/v2\/product_tag?post=46538"}],"curies":[{"name":"wp","href":"https:\/\/api.w.org\/{rel}","templated":true}]}}