{"id":46544,"date":"2020-12-11T02:25:58","date_gmt":"2020-12-11T00:25:58","guid":{"rendered":"https:\/\/noblewineshop-lv-www.localtest.me\/catalog\/vins\/calon-segur-3eme-cru-classe-st-estephe-3\/"},"modified":"2024-02-01T10:19:47","modified_gmt":"2024-02-01T08:19:47","slug":"calon-segur-3eme-cru-classe-st-estephe-3","status":"publish","type":"product","link":"https:\/\/nwold.test.decotec.lv\/ru\/catalog\/vino\/calon-segur-3eme-cru-classe-st-estephe-3\/","title":{"rendered":"&#8220;Calon Segur&#8221; 3eme Cru Classe St.Estephe 2008"},"content":{"rendered":"","protected":false},"excerpt":{"rendered":"<p>&#8220;Arom\u0101t\u0101 j\u016btamas lakricas, upe\u0146u, tabakas un pikantu gar\u0161vielu notis. Gar\u0161\u0101 v\u012bns ir vid\u0113jas miesas b\u016bves ar upe\u0146u un piparu nians\u0113m. Tan\u012bni ir kr\u012btaini un agres\u012bvi.&#8221; \u2014 Ronalds P\u0113tersons, &#8220;Noble Wine&#8221; somelj\u0113<\/p>\n","protected":false},"featured_media":38417,"template":"","meta":[],"product_cat":[4114],"product_tag":[5836],"class_list":["post-46544","product","type-product","status-publish","has-post-thumbnail","hentry","product_cat-vino","product_tag-french_lovers-ru","pa_country-france-ru","pa_region-bordeaux-ru","pa_tips-red-wine-ru","pa_varietal-cabernet-franc-ru","pa_varietal-cabernet-sauvignon-ru","pa_varietal-merlot-ru","pa_varietal-petit-verdot-ru","pa_vendor-chateau-calon-segur-ru","pa_village-saint-estephe-ru"],"acf":[],"_links":{"self":[{"href":"https:\/\/nwold.test.decotec.lv\/ru\/wp-json\/wp\/v2\/product\/46544"}],"collection":[{"href":"https:\/\/nwold.test.decotec.lv\/ru\/wp-json\/wp\/v2\/product"}],"about":[{"href":"https:\/\/nwold.test.decotec.lv\/ru\/wp-json\/wp\/v2\/types\/product"}],"wp:featuredmedia":[{"embeddable":true,"href":"https:\/\/nwold.test.decotec.lv\/ru\/wp-json\/wp\/v2\/media\/38417"}],"wp:attachment":[{"href":"https:\/\/nwold.test.decotec.lv\/ru\/wp-json\/wp\/v2\/media?parent=46544"}],"wp:term":[{"taxonomy":"product_cat","embeddable":true,"href":"https:\/\/nwold.test.decotec.lv\/ru\/wp-json\/wp\/v2\/product_cat?post=46544"},{"taxonomy":"product_tag","embeddable":true,"href":"https:\/\/nwold.test.decotec.lv\/ru\/wp-json\/wp\/v2\/product_tag?post=46544"}],"curies":[{"name":"wp","href":"https:\/\/api.w.org\/{rel}","templated":true}]}}