{"id":46547,"date":"2020-12-11T02:25:56","date_gmt":"2020-12-11T00:25:56","guid":{"rendered":"https:\/\/noblewineshop-lv-www.localtest.me\/catalog\/vins\/d-de-dassault-st-emilion-3-3\/"},"modified":"2024-02-01T10:19:47","modified_gmt":"2024-02-01T08:19:47","slug":"d-de-dassault-st-emilion-3-3","status":"publish","type":"product","link":"https:\/\/nwold.test.decotec.lv\/ru\/catalog\/vino\/d-de-dassault-st-emilion-3-3\/","title":{"rendered":"D de Dassault St. Emilion 2015 Demi"},"content":{"rendered":"","protected":false},"excerpt":{"rendered":"<p>&#8220;Arom\u0101t\u0101 j\u016btamas upe\u0146u, me\u017ea un melno piparu notis. Gar\u0161\u0101 v\u012bns ir vid\u0113jas miesas b\u016bves, apa\u013c\u0161 ar upe\u0146u, melnzemes un ciedra koka nians\u0113m. Tan\u012bni ir akt\u012bvi, z\u012bdaini.&#8221; \u2014 Ronalds P\u0113tersons, &#8220;Noble Wine&#8221; somelj\u0113<\/p>\n","protected":false},"featured_media":38039,"template":"","meta":[],"product_cat":[4114],"product_tag":[5836],"class_list":["post-46547","product","type-product","status-publish","has-post-thumbnail","hentry","product_cat-vino","product_tag-french_lovers-ru","pa_country-france-ru","pa_region-bordeaux-ru","pa_tips-red-wine-ru","pa_varietal-cabernet-franc-ru","pa_varietal-cabernet-sauvignon-ru","pa_varietal-merlot-ru","pa_vendor-chateau-dassault-ru","pa_village-saint-emilion-ru"],"acf":[],"_links":{"self":[{"href":"https:\/\/nwold.test.decotec.lv\/ru\/wp-json\/wp\/v2\/product\/46547"}],"collection":[{"href":"https:\/\/nwold.test.decotec.lv\/ru\/wp-json\/wp\/v2\/product"}],"about":[{"href":"https:\/\/nwold.test.decotec.lv\/ru\/wp-json\/wp\/v2\/types\/product"}],"wp:featuredmedia":[{"embeddable":true,"href":"https:\/\/nwold.test.decotec.lv\/ru\/wp-json\/wp\/v2\/media\/38039"}],"wp:attachment":[{"href":"https:\/\/nwold.test.decotec.lv\/ru\/wp-json\/wp\/v2\/media?parent=46547"}],"wp:term":[{"taxonomy":"product_cat","embeddable":true,"href":"https:\/\/nwold.test.decotec.lv\/ru\/wp-json\/wp\/v2\/product_cat?post=46547"},{"taxonomy":"product_tag","embeddable":true,"href":"https:\/\/nwold.test.decotec.lv\/ru\/wp-json\/wp\/v2\/product_tag?post=46547"}],"curies":[{"name":"wp","href":"https:\/\/api.w.org\/{rel}","templated":true}]}}