{"id":46658,"date":"2020-12-11T02:22:12","date_gmt":"2020-12-11T00:22:12","guid":{"rendered":"https:\/\/noblewineshop-lv-www.localtest.me\/catalog\/vins\/cotes-du-jura-vin-jaune-2-3\/"},"modified":"2022-01-10T15:32:51","modified_gmt":"2022-01-10T13:32:51","slug":"cotes-du-jura-vin-jaune-2-3","status":"publish","type":"product","link":"https:\/\/nwold.test.decotec.lv\/ru\/catalog\/vino\/cotes-du-jura-vin-jaune-2-3\/","title":{"rendered":"Cotes du Jura  Vin Jaune 2009"},"content":{"rendered":"","protected":false},"excerpt":{"rendered":"<p>&#8220;Arom\u0101t\u0101 j\u016btamas riekstu, kr\u0113juma, marmel\u0101des un d\u016bmu notis. Gar\u0161\u0101 v\u012bns perfekti sabalans\u0113ts, intens\u012bvs, kr\u0113m\u012bgs, elegants un ar ilgu p\u0113cgar\u0161u.&#8221; \u2014 Ronalds P\u0113tersons, &#8220;Noble Wine&#8221; somelj\u0113<\/p>\n","protected":false},"featured_media":38228,"template":"","meta":[],"product_cat":[4114],"product_tag":[],"class_list":["post-46658","product","type-product","status-publish","has-post-thumbnail","hentry","product_cat-vino","pa_country-france-ru","pa_region-jura-ru","pa_tips-beloe-vino","pa_varietal-savagnin-ru","pa_vendor-domaine-jean-bourdy-ru"],"acf":[],"_links":{"self":[{"href":"https:\/\/nwold.test.decotec.lv\/ru\/wp-json\/wp\/v2\/product\/46658"}],"collection":[{"href":"https:\/\/nwold.test.decotec.lv\/ru\/wp-json\/wp\/v2\/product"}],"about":[{"href":"https:\/\/nwold.test.decotec.lv\/ru\/wp-json\/wp\/v2\/types\/product"}],"wp:featuredmedia":[{"embeddable":true,"href":"https:\/\/nwold.test.decotec.lv\/ru\/wp-json\/wp\/v2\/media\/38228"}],"wp:attachment":[{"href":"https:\/\/nwold.test.decotec.lv\/ru\/wp-json\/wp\/v2\/media?parent=46658"}],"wp:term":[{"taxonomy":"product_cat","embeddable":true,"href":"https:\/\/nwold.test.decotec.lv\/ru\/wp-json\/wp\/v2\/product_cat?post=46658"},{"taxonomy":"product_tag","embeddable":true,"href":"https:\/\/nwold.test.decotec.lv\/ru\/wp-json\/wp\/v2\/product_tag?post=46658"}],"curies":[{"name":"wp","href":"https:\/\/api.w.org\/{rel}","templated":true}]}}