{"id":46748,"date":"2020-12-11T02:18:30","date_gmt":"2020-12-11T00:18:30","guid":{"rendered":"https:\/\/noblewineshop-lv-www.localtest.me\/catalog\/vins\/le-clos-du-bourg-demi-sec-2-3\/"},"modified":"2022-01-31T11:51:17","modified_gmt":"2022-01-31T09:51:17","slug":"le-clos-du-bourg-demi-sec-2-3","status":"publish","type":"product","link":"https:\/\/nwold.test.decotec.lv\/ru\/catalog\/vino\/le-clos-du-bourg-demi-sec-2-3\/","title":{"rendered":"&#8220;Le Clos du Bourg&#8221; Demi-Sec 2017"},"content":{"rendered":"","protected":false},"excerpt":{"rendered":"<p>&#8220;Arom\u0101ts ir ekspres\u012bvs ar l\u012b\u010diju, citrona un medus not\u012bm. Gar\u0161\u0101 v\u012bns ir pussauss, sul\u012bgs, apa\u013c\u0161 ar bi\u0161u vaska nians\u0113m un ilgu p\u0113cgar\u0161u.&#8221; \u2014 Ronalds P\u0113tersons, &#8220;Noble Wine&#8221; somelj\u0113<\/p>\n","protected":false},"featured_media":37925,"template":"","meta":[],"product_cat":[4114],"product_tag":[3133],"class_list":["post-46748","product","type-product","status-publish","has-post-thumbnail","hentry","product_cat-vino","product_tag-biggest-saving-ru","pa_country-france-ru","pa_region-loire-ru","pa_tips-beloe-vino","pa_varietal-chenin-blanc-ru","pa_vendor-domaine-huet-ru","pa_village-vouvray-ru"],"acf":[],"_links":{"self":[{"href":"https:\/\/nwold.test.decotec.lv\/ru\/wp-json\/wp\/v2\/product\/46748"}],"collection":[{"href":"https:\/\/nwold.test.decotec.lv\/ru\/wp-json\/wp\/v2\/product"}],"about":[{"href":"https:\/\/nwold.test.decotec.lv\/ru\/wp-json\/wp\/v2\/types\/product"}],"wp:featuredmedia":[{"embeddable":true,"href":"https:\/\/nwold.test.decotec.lv\/ru\/wp-json\/wp\/v2\/media\/37925"}],"wp:attachment":[{"href":"https:\/\/nwold.test.decotec.lv\/ru\/wp-json\/wp\/v2\/media?parent=46748"}],"wp:term":[{"taxonomy":"product_cat","embeddable":true,"href":"https:\/\/nwold.test.decotec.lv\/ru\/wp-json\/wp\/v2\/product_cat?post=46748"},{"taxonomy":"product_tag","embeddable":true,"href":"https:\/\/nwold.test.decotec.lv\/ru\/wp-json\/wp\/v2\/product_tag?post=46748"}],"curies":[{"name":"wp","href":"https:\/\/api.w.org\/{rel}","templated":true}]}}