{"id":46757,"date":"2020-12-11T02:17:54","date_gmt":"2020-12-11T00:17:54","guid":{"rendered":"https:\/\/noblewineshop-lv-www.localtest.me\/catalog\/vins\/w-dreams-igp-7-3\/"},"modified":"2022-01-31T11:51:16","modified_gmt":"2022-01-31T09:51:16","slug":"w-dreams-igp-7-3","status":"publish","type":"product","link":"https:\/\/nwold.test.decotec.lv\/ru\/catalog\/vino\/w-dreams-igp-7-3\/","title":{"rendered":"W&#8230;Dreams&#8230; IGP Magnum 2016"},"content":{"rendered":"","protected":false},"excerpt":{"rendered":"<p>\u201cV\u012bnam rakstur\u012bga gatavu persiku, sviesta un maizes arom\u0101ts, kur\u0101 ir maigas citrusa nianses. Gar\u0161a ir sabalans\u0113ta, svaiga, apa\u013ca un sul\u012bga. Gara, svaiga p\u0113cgar\u0161a.\u201d \u2013 Ronalds P\u0113tersons, \u201cNoble Wine\u201d somelj\u0113<\/p>\n","protected":false},"featured_media":37799,"template":"","meta":[],"product_cat":[4114],"product_tag":[3133],"class_list":["post-46757","product","type-product","status-publish","has-post-thumbnail","hentry","product_cat-vino","product_tag-biggest-saving-ru","pa_country-italy-ru","pa_region-friuli-venezia-giulia-ru","pa_tips-beloe-vino","pa_varietal-chardonnay-ru","pa_vendor-jermann-ru"],"acf":[],"_links":{"self":[{"href":"https:\/\/nwold.test.decotec.lv\/ru\/wp-json\/wp\/v2\/product\/46757"}],"collection":[{"href":"https:\/\/nwold.test.decotec.lv\/ru\/wp-json\/wp\/v2\/product"}],"about":[{"href":"https:\/\/nwold.test.decotec.lv\/ru\/wp-json\/wp\/v2\/types\/product"}],"wp:featuredmedia":[{"embeddable":true,"href":"https:\/\/nwold.test.decotec.lv\/ru\/wp-json\/wp\/v2\/media\/37799"}],"wp:attachment":[{"href":"https:\/\/nwold.test.decotec.lv\/ru\/wp-json\/wp\/v2\/media?parent=46757"}],"wp:term":[{"taxonomy":"product_cat","embeddable":true,"href":"https:\/\/nwold.test.decotec.lv\/ru\/wp-json\/wp\/v2\/product_cat?post=46757"},{"taxonomy":"product_tag","embeddable":true,"href":"https:\/\/nwold.test.decotec.lv\/ru\/wp-json\/wp\/v2\/product_tag?post=46757"}],"curies":[{"name":"wp","href":"https:\/\/api.w.org\/{rel}","templated":true}]}}