{"id":46802,"date":"2020-12-11T02:15:59","date_gmt":"2020-12-11T00:15:59","guid":{"rendered":"https:\/\/noblewineshop-lv-www.localtest.me\/catalog\/vins\/givry-1er-cru-clos-salomon-5\/"},"modified":"2022-03-31T14:56:53","modified_gmt":"2022-03-31T11:56:53","slug":"givry-1er-cru-clos-salomon-5","status":"publish","type":"product","link":"https:\/\/nwold.test.decotec.lv\/ru\/catalog\/vino\/givry-1er-cru-clos-salomon-5\/","title":{"rendered":"Givry 1er Cru &#8220;Clos Salomon&#8221; Demi 2016"},"content":{"rendered":"","protected":false},"excerpt":{"rendered":"<p>&#8220;Arom\u0101t\u0101 j\u016btamas svaigas upe\u0146u, melle\u0146u un pl\u016bmju notis. Gar\u0161a ir sul\u012bga, svaiga ar tum\u0161o ogu un lakricas not\u012bm. Tan\u012bni ir apa\u013ci un maigi. P\u0113cgar\u0161a ir pikanta un sul\u012bga.&#8221; \u2014 Ronalds P\u0113tersons, &#8220;Noble Wine&#8221; somelj\u0113<\/p>\n","protected":false},"featured_media":37961,"template":"","meta":[],"product_cat":[4114],"product_tag":[],"class_list":["post-46802","product","type-product","status-publish","has-post-thumbnail","hentry","product_cat-vino","pa_country-france-ru","pa_region-burgundy-ru","pa_tips-red-wine-ru","pa_varietal-pinot-noir-ru","pa_vendor-clos-salomon-ru","pa_village-cote-chalonnaise-ru"],"acf":[],"_links":{"self":[{"href":"https:\/\/nwold.test.decotec.lv\/ru\/wp-json\/wp\/v2\/product\/46802"}],"collection":[{"href":"https:\/\/nwold.test.decotec.lv\/ru\/wp-json\/wp\/v2\/product"}],"about":[{"href":"https:\/\/nwold.test.decotec.lv\/ru\/wp-json\/wp\/v2\/types\/product"}],"wp:featuredmedia":[{"embeddable":true,"href":"https:\/\/nwold.test.decotec.lv\/ru\/wp-json\/wp\/v2\/media\/37961"}],"wp:attachment":[{"href":"https:\/\/nwold.test.decotec.lv\/ru\/wp-json\/wp\/v2\/media?parent=46802"}],"wp:term":[{"taxonomy":"product_cat","embeddable":true,"href":"https:\/\/nwold.test.decotec.lv\/ru\/wp-json\/wp\/v2\/product_cat?post=46802"},{"taxonomy":"product_tag","embeddable":true,"href":"https:\/\/nwold.test.decotec.lv\/ru\/wp-json\/wp\/v2\/product_tag?post=46802"}],"curies":[{"name":"wp","href":"https:\/\/api.w.org\/{rel}","templated":true}]}}