{"id":46865,"date":"2020-12-11T02:13:44","date_gmt":"2020-12-11T00:13:44","guid":{"rendered":"https:\/\/noblewineshop-lv-www.localtest.me\/catalog\/vins\/cote-rotie-maison-rouge-3\/"},"modified":"2024-02-01T10:20:10","modified_gmt":"2024-02-01T08:20:10","slug":"cote-rotie-maison-rouge-3","status":"publish","type":"product","link":"https:\/\/nwold.test.decotec.lv\/ru\/catalog\/vino\/cote-rotie-maison-rouge-3\/","title":{"rendered":"Cote Rotie &#8220;Maison Rouge&#8221; 2013"},"content":{"rendered":"","protected":false},"excerpt":{"rendered":"<p>&#8220;Arom\u0101t\u0101 j\u016btamas negatavu tum\u0161o ogu, d\u016bmu un trife\u013cu notis. Gar\u0161\u0101 v\u012bns ir intens\u012bvs, sul\u012bgs un aug\u013cains. Tan\u012bni ir samtaini, p\u0113cgar\u0161a ir maiga un ilga.&#8221; \u2014 Ronalds P\u0113tersons, &#8220;Noble Wine&#8221; somelj\u0113<\/p>\n","protected":false},"featured_media":37874,"template":"","meta":[],"product_cat":[4114],"product_tag":[5836],"class_list":["post-46865","product","type-product","status-publish","has-post-thumbnail","hentry","product_cat-vino","product_tag-french_lovers-ru","pa_country-france-ru","pa_region-rhone-ru","pa_tips-red-wine-ru","pa_varietal-syrah-ru","pa_varietal-viognier-ru","pa_vendor-domaine-georges-vernay-ru","pa_village-cote-rotie-ru"],"acf":[],"_links":{"self":[{"href":"https:\/\/nwold.test.decotec.lv\/ru\/wp-json\/wp\/v2\/product\/46865"}],"collection":[{"href":"https:\/\/nwold.test.decotec.lv\/ru\/wp-json\/wp\/v2\/product"}],"about":[{"href":"https:\/\/nwold.test.decotec.lv\/ru\/wp-json\/wp\/v2\/types\/product"}],"wp:featuredmedia":[{"embeddable":true,"href":"https:\/\/nwold.test.decotec.lv\/ru\/wp-json\/wp\/v2\/media\/37874"}],"wp:attachment":[{"href":"https:\/\/nwold.test.decotec.lv\/ru\/wp-json\/wp\/v2\/media?parent=46865"}],"wp:term":[{"taxonomy":"product_cat","embeddable":true,"href":"https:\/\/nwold.test.decotec.lv\/ru\/wp-json\/wp\/v2\/product_cat?post=46865"},{"taxonomy":"product_tag","embeddable":true,"href":"https:\/\/nwold.test.decotec.lv\/ru\/wp-json\/wp\/v2\/product_tag?post=46865"}],"curies":[{"name":"wp","href":"https:\/\/api.w.org\/{rel}","templated":true}]}}