{"id":47135,"date":"2020-12-11T02:06:46","date_gmt":"2020-12-11T00:06:46","guid":{"rendered":"https:\/\/noblewineshop-lv-www.localtest.me\/catalog\/vins\/brut-blanc-de-blancs-grand-cru-roy-soleil-3\/"},"modified":"2023-02-17T11:49:15","modified_gmt":"2023-02-17T09:49:15","slug":"brut-blanc-de-blancs-grand-cru-roy-soleil-3","status":"publish","type":"product","link":"https:\/\/nwold.test.decotec.lv\/ru\/catalog\/vino\/brut-blanc-de-blancs-grand-cru-roy-soleil-3\/","title":{"rendered":"Brut Blanc de Blancs Grand Cru &#8220;Roy Soleil&#8221;"},"content":{"rendered":"","protected":false},"excerpt":{"rendered":"<p>&#8220;\u013boti bag\u0101t\u012bgs arom\u0101ts ar pipark\u016bku, vani\u013cas, d\u016bmu, gatavu apriko\u017eu un citrona not\u012bm. Gar\u0161a ir kr\u0113m\u012bga, pies\u0101tin\u0101ta un kompleksa ar domin\u0113jo\u0161\u0101m citrusa nians\u0113m.&#8221; \u2014 Ronalds P\u0113tersons, &#8220;Noble Wine&#8221; somelj\u0113<\/p>\n","protected":false},"featured_media":50228,"template":"","meta":[],"product_cat":[4114],"product_tag":[],"class_list":["post-47135","product","type-product","status-publish","has-post-thumbnail","hentry","product_cat-vino","pa_country-france-ru","pa_region-champagne-ru","pa_tips-igristye-vina","pa_varietal-chardonnay-ru","pa_vendor-philippe-gonet-ru","pa_village-blanc-de-blancs-ru"],"acf":[],"_links":{"self":[{"href":"https:\/\/nwold.test.decotec.lv\/ru\/wp-json\/wp\/v2\/product\/47135"}],"collection":[{"href":"https:\/\/nwold.test.decotec.lv\/ru\/wp-json\/wp\/v2\/product"}],"about":[{"href":"https:\/\/nwold.test.decotec.lv\/ru\/wp-json\/wp\/v2\/types\/product"}],"wp:featuredmedia":[{"embeddable":true,"href":"https:\/\/nwold.test.decotec.lv\/ru\/wp-json\/wp\/v2\/media\/50228"}],"wp:attachment":[{"href":"https:\/\/nwold.test.decotec.lv\/ru\/wp-json\/wp\/v2\/media?parent=47135"}],"wp:term":[{"taxonomy":"product_cat","embeddable":true,"href":"https:\/\/nwold.test.decotec.lv\/ru\/wp-json\/wp\/v2\/product_cat?post=47135"},{"taxonomy":"product_tag","embeddable":true,"href":"https:\/\/nwold.test.decotec.lv\/ru\/wp-json\/wp\/v2\/product_tag?post=47135"}],"curies":[{"name":"wp","href":"https:\/\/api.w.org\/{rel}","templated":true}]}}