{"id":47147,"date":"2020-12-11T02:06:25","date_gmt":"2020-12-11T00:06:25","guid":{"rendered":"https:\/\/noblewineshop-lv-www.localtest.me\/catalog\/vins\/cremant-de-bourgogne-blanc-de-noirs-4\/"},"modified":"2023-12-20T11:29:12","modified_gmt":"2023-12-20T09:29:12","slug":"cremant-de-bourgogne-blanc-de-noirs-4","status":"publish","type":"product","link":"https:\/\/nwold.test.decotec.lv\/ru\/catalog\/vino\/cremant-de-bourgogne-blanc-de-noirs-4\/","title":{"rendered":"Cremant de Bourgogne Blanc de Noirs"},"content":{"rendered":"","protected":false},"excerpt":{"rendered":"<p>&#8220;Arom\u0101t\u0101 j\u016btamas miner\u0101lu, gatavu sarkano \u0101bolu un gatavu bumbieru notis. Gar\u0161\u0101 v\u012bns ir sauss, intens\u012bvs, delik\u0101ts ar aug\u013cainu svaigumu un ilgu p\u0113cgar\u0161u.&#8221; \u2014 Ronalds P\u0113tersons, &#8220;Noble Wine&#8221; somelj\u0113<\/p>\n","protected":false},"featured_media":37826,"template":"","meta":[],"product_cat":[4114],"product_tag":[],"class_list":["post-47147","product","type-product","status-publish","has-post-thumbnail","hentry","product_cat-vino","pa_country-france-ru","pa_region-champagne-ru","pa_tips-igristye-vina","pa_varietal-pinot-noir-ru","pa_vendor-maison-albert-sounit-ru","pa_village-regional-sparkling-ru"],"acf":[],"_links":{"self":[{"href":"https:\/\/nwold.test.decotec.lv\/ru\/wp-json\/wp\/v2\/product\/47147"}],"collection":[{"href":"https:\/\/nwold.test.decotec.lv\/ru\/wp-json\/wp\/v2\/product"}],"about":[{"href":"https:\/\/nwold.test.decotec.lv\/ru\/wp-json\/wp\/v2\/types\/product"}],"wp:featuredmedia":[{"embeddable":true,"href":"https:\/\/nwold.test.decotec.lv\/ru\/wp-json\/wp\/v2\/media\/37826"}],"wp:attachment":[{"href":"https:\/\/nwold.test.decotec.lv\/ru\/wp-json\/wp\/v2\/media?parent=47147"}],"wp:term":[{"taxonomy":"product_cat","embeddable":true,"href":"https:\/\/nwold.test.decotec.lv\/ru\/wp-json\/wp\/v2\/product_cat?post=47147"},{"taxonomy":"product_tag","embeddable":true,"href":"https:\/\/nwold.test.decotec.lv\/ru\/wp-json\/wp\/v2\/product_tag?post=47147"}],"curies":[{"name":"wp","href":"https:\/\/api.w.org\/{rel}","templated":true}]}}