{"id":47186,"date":"2020-12-11T02:05:27","date_gmt":"2020-12-11T00:05:27","guid":{"rendered":"https:\/\/noblewineshop-lv-www.localtest.me\/catalog\/vins\/vintage-tunina-igp-3-3\/"},"modified":"2022-01-31T11:51:10","modified_gmt":"2022-01-31T09:51:10","slug":"vintage-tunina-igp-3-3","status":"publish","type":"product","link":"https:\/\/nwold.test.decotec.lv\/ru\/catalog\/vino\/vintage-tunina-igp-3-3\/","title":{"rendered":"Vintage Tunina IGP 2005"},"content":{"rendered":"","protected":false},"excerpt":{"rendered":"<p>\u201cV\u012bnam rakstur\u012bga medus, baldo ziedu un upe\u0146u pumpuru arom\u0101ts, kur\u0101 ir maigas kr\u0113juma nianses. Gar\u0161a ir sabalans\u0113ta, svaiga, apa\u013ca ar karameliz\u0113tu citronu mizu nians\u0113m. Gara, svaiga p\u0113cgar\u0161a.\u201d \u2013 Ronalds P\u0113tersons, \u201cNoble Wine\u201d somelj\u0113<\/p>\n","protected":false},"featured_media":37802,"template":"","meta":[],"product_cat":[4114],"product_tag":[],"class_list":["post-47186","product","type-product","status-publish","has-post-thumbnail","hentry","product_cat-vino","pa_country-italy-ru","pa_region-friuli-venezia-giulia-ru","pa_tips-beloe-vino","pa_varietal-chardonnay-ru","pa_varietal-folle-blanche-ru","pa_varietal-malvasia-istriana-ru","pa_varietal-picolit-ru","pa_varietal-ribolla-gialla-ru","pa_varietal-sauvignon-blanc-ru","pa_vendor-jermann-ru"],"acf":[],"_links":{"self":[{"href":"https:\/\/nwold.test.decotec.lv\/ru\/wp-json\/wp\/v2\/product\/47186"}],"collection":[{"href":"https:\/\/nwold.test.decotec.lv\/ru\/wp-json\/wp\/v2\/product"}],"about":[{"href":"https:\/\/nwold.test.decotec.lv\/ru\/wp-json\/wp\/v2\/types\/product"}],"wp:featuredmedia":[{"embeddable":true,"href":"https:\/\/nwold.test.decotec.lv\/ru\/wp-json\/wp\/v2\/media\/37802"}],"wp:attachment":[{"href":"https:\/\/nwold.test.decotec.lv\/ru\/wp-json\/wp\/v2\/media?parent=47186"}],"wp:term":[{"taxonomy":"product_cat","embeddable":true,"href":"https:\/\/nwold.test.decotec.lv\/ru\/wp-json\/wp\/v2\/product_cat?post=47186"},{"taxonomy":"product_tag","embeddable":true,"href":"https:\/\/nwold.test.decotec.lv\/ru\/wp-json\/wp\/v2\/product_tag?post=47186"}],"curies":[{"name":"wp","href":"https:\/\/api.w.org\/{rel}","templated":true}]}}