{"id":47222,"date":"2020-12-11T02:04:41","date_gmt":"2020-12-11T00:04:41","guid":{"rendered":"https:\/\/noblewineshop-lv-www.localtest.me\/catalog\/strong-alcohol-lv-2\/armagnac-1981-3\/"},"modified":"2022-01-10T15:51:05","modified_gmt":"2022-01-10T13:51:05","slug":"armagnac-1981-3","status":"publish","type":"product","link":"https:\/\/nwold.test.decotec.lv\/ru\/catalog\/strong-alcohol-ru\/armagnac-1981-3\/","title":{"rendered":"Armagnac  1981"},"content":{"rendered":"","protected":false},"excerpt":{"rendered":"<p>&#8220;Arom\u0101t\u0101 j\u016btamas apriko\u017eu, persiku, kan\u0113\u013ca un karameles notis. Gar\u0161\u0101 alkohols ir maigs ar kauli\u0146aug\u013cu un riekstu nians\u0113m.&#8221; \u2014 Ronalds P\u0113tersons, &#8220;Noble Wine&#8221; somelj\u0113 <\/p>\n","protected":false},"featured_media":35233,"template":"","meta":[],"product_cat":[4117],"product_tag":[],"class_list":["post-47222","product","type-product","status-publish","has-post-thumbnail","hentry","product_cat-strong-alcohol-ru","pa_region-armagnac-aoc-ru","pa_tips-armanyak","pa_vendor-de-montal-ru"],"acf":[],"_links":{"self":[{"href":"https:\/\/nwold.test.decotec.lv\/ru\/wp-json\/wp\/v2\/product\/47222"}],"collection":[{"href":"https:\/\/nwold.test.decotec.lv\/ru\/wp-json\/wp\/v2\/product"}],"about":[{"href":"https:\/\/nwold.test.decotec.lv\/ru\/wp-json\/wp\/v2\/types\/product"}],"wp:featuredmedia":[{"embeddable":true,"href":"https:\/\/nwold.test.decotec.lv\/ru\/wp-json\/wp\/v2\/media\/35233"}],"wp:attachment":[{"href":"https:\/\/nwold.test.decotec.lv\/ru\/wp-json\/wp\/v2\/media?parent=47222"}],"wp:term":[{"taxonomy":"product_cat","embeddable":true,"href":"https:\/\/nwold.test.decotec.lv\/ru\/wp-json\/wp\/v2\/product_cat?post=47222"},{"taxonomy":"product_tag","embeddable":true,"href":"https:\/\/nwold.test.decotec.lv\/ru\/wp-json\/wp\/v2\/product_tag?post=47222"}],"curies":[{"name":"wp","href":"https:\/\/api.w.org\/{rel}","templated":true}]}}