{"id":47339,"date":"2020-12-11T02:02:33","date_gmt":"2020-12-11T00:02:33","guid":{"rendered":"https:\/\/noblewineshop-lv-www.localtest.me\/catalog\/vins\/brut-rose-4\/"},"modified":"2022-12-01T13:23:54","modified_gmt":"2022-12-01T11:23:54","slug":"brut-rose-4","status":"publish","type":"product","link":"https:\/\/nwold.test.decotec.lv\/ru\/catalog\/davanu-konstruktors-ru\/vini-ru\/sampanietis-ru\/brut-rose-4\/","title":{"rendered":"Brut Rose"},"content":{"rendered":"","protected":false},"excerpt":{"rendered":"<p>&#8220;Arom\u0101t\u0101 ir izteikti j\u016btamas zeme\u0146u un sarkan\u0101 greipfr\u016bta notis ar za\u013cas z\u0101les un fenhe\u013ca niansi fon\u0101. Gar\u0161\u0101 j\u016btamas sarkano j\u0101\u0146ogu nianses un svaigums.&#8221; \u2014 Ronalds P\u0113tersons, &#8220;Noble Wine&#8221; somelj\u0113<\/p>\n","protected":false},"featured_media":37790,"template":"","meta":[],"product_cat":[4114,5522],"product_tag":[],"class_list":["post-47339","product","type-product","status-publish","has-post-thumbnail","hentry","product_cat-vino","product_cat-sampanietis-ru","pa_country-france-ru","pa_region-champagne-ru","pa_tips-igristye-vina","pa_varietal-chardonnay-ru","pa_varietal-pinot-meunier-ru","pa_varietal-pinot-noir-ru","pa_vendor-diebolt-vallois-ru","pa_village-brut-ru"],"acf":[],"_links":{"self":[{"href":"https:\/\/nwold.test.decotec.lv\/ru\/wp-json\/wp\/v2\/product\/47339"}],"collection":[{"href":"https:\/\/nwold.test.decotec.lv\/ru\/wp-json\/wp\/v2\/product"}],"about":[{"href":"https:\/\/nwold.test.decotec.lv\/ru\/wp-json\/wp\/v2\/types\/product"}],"wp:featuredmedia":[{"embeddable":true,"href":"https:\/\/nwold.test.decotec.lv\/ru\/wp-json\/wp\/v2\/media\/37790"}],"wp:attachment":[{"href":"https:\/\/nwold.test.decotec.lv\/ru\/wp-json\/wp\/v2\/media?parent=47339"}],"wp:term":[{"taxonomy":"product_cat","embeddable":true,"href":"https:\/\/nwold.test.decotec.lv\/ru\/wp-json\/wp\/v2\/product_cat?post=47339"},{"taxonomy":"product_tag","embeddable":true,"href":"https:\/\/nwold.test.decotec.lv\/ru\/wp-json\/wp\/v2\/product_tag?post=47339"}],"curies":[{"name":"wp","href":"https:\/\/api.w.org\/{rel}","templated":true}]}}