{"id":49519,"date":"2022-03-16T17:44:12","date_gmt":"2022-03-16T15:44:12","guid":{"rendered":"https:\/\/noblewine.lv\/?post_type=product&#038;p=49519"},"modified":"2024-05-01T09:13:06","modified_gmt":"2024-05-01T06:13:06","slug":"gjola-colli-del-limbara-2020","status":"publish","type":"product","link":"https:\/\/nwold.test.decotec.lv\/ru\/catalog\/vino\/gjola-colli-del-limbara-2020\/","title":{"rendered":"&#8220;Gjola&#8221; Colli del Limbara 2020"},"content":{"rendered":"","protected":false},"excerpt":{"rendered":"<p>&#8220;Arom\u0101t\u0101 ir j\u016btamas zeme\u0146u un sarkan\u0101 greipfr\u016bta notis. Gar\u0161\u0101 j\u016btamas sarkano j\u0101\u0146ogu nianses un svaigums.&#8221; \u2014 Ronalds P\u0113tersons, &#8220;Noble Wine&#8221; somelj\u0113<\/p>\n","protected":false},"featured_media":42066,"template":"","meta":[],"product_cat":[4114],"product_tag":[3133],"class_list":["post-49519","product","type-product","status-publish","has-post-thumbnail","hentry","product_cat-vino","product_tag-biggest-saving-ru","pa_country-italy-ru","pa_region-sardegna-ru","pa_tips-rozovye-vina","pa_varietal-caricagiola-ru","pa_vendor-vigne-surrau-ru"],"acf":[],"_links":{"self":[{"href":"https:\/\/nwold.test.decotec.lv\/ru\/wp-json\/wp\/v2\/product\/49519"}],"collection":[{"href":"https:\/\/nwold.test.decotec.lv\/ru\/wp-json\/wp\/v2\/product"}],"about":[{"href":"https:\/\/nwold.test.decotec.lv\/ru\/wp-json\/wp\/v2\/types\/product"}],"wp:featuredmedia":[{"embeddable":true,"href":"https:\/\/nwold.test.decotec.lv\/ru\/wp-json\/wp\/v2\/media\/42066"}],"wp:attachment":[{"href":"https:\/\/nwold.test.decotec.lv\/ru\/wp-json\/wp\/v2\/media?parent=49519"}],"wp:term":[{"taxonomy":"product_cat","embeddable":true,"href":"https:\/\/nwold.test.decotec.lv\/ru\/wp-json\/wp\/v2\/product_cat?post=49519"},{"taxonomy":"product_tag","embeddable":true,"href":"https:\/\/nwold.test.decotec.lv\/ru\/wp-json\/wp\/v2\/product_tag?post=49519"}],"curies":[{"name":"wp","href":"https:\/\/api.w.org\/{rel}","templated":true}]}}