{"id":50348,"date":"2022-03-22T15:08:35","date_gmt":"2022-03-22T13:08:35","guid":{"rendered":"https:\/\/noblewine.lv\/?post_type=product&#038;p=50348"},"modified":"2024-05-20T13:04:24","modified_gmt":"2024-05-20T10:04:24","slug":"riesling-niederhauser-vom-schiefer-2020","status":"publish","type":"product","link":"https:\/\/nwold.test.decotec.lv\/ru\/catalog\/vino\/riesling-niederhauser-vom-schiefer-2020\/","title":{"rendered":"Riesling Niederhauser &#8220;Vom Schiefer&#8221; 2020"},"content":{"rendered":"","protected":false},"excerpt":{"rendered":"<p>&#8220;Arom\u0101ta ir j\u016btamas medus, gatavu dzelteno \u0101bolu un persiku notis. Gar\u0161\u0101 v\u012bns ir \u013coti sul\u012bgs, labi integr\u0113tu sk\u0101bumu un za\u013c\u0101 \u0101bola nians\u0113m.&#8221; &#8211; Ronalds P\u0113tersons, &#8220;Noble Wine&#8221; somelj\u0113<\/p>\n","protected":false},"featured_media":50303,"template":"","meta":[],"product_cat":[4114],"product_tag":[],"class_list":["post-50348","product","type-product","status-publish","has-post-thumbnail","hentry","product_cat-vino","pa_country-germany-ru","pa_region-nahe-ru","pa_tips-beloe-vino","pa_varietal-riesling-ru","pa_vendor-gut-hermannsberg-ru"],"acf":[],"_links":{"self":[{"href":"https:\/\/nwold.test.decotec.lv\/ru\/wp-json\/wp\/v2\/product\/50348"}],"collection":[{"href":"https:\/\/nwold.test.decotec.lv\/ru\/wp-json\/wp\/v2\/product"}],"about":[{"href":"https:\/\/nwold.test.decotec.lv\/ru\/wp-json\/wp\/v2\/types\/product"}],"wp:featuredmedia":[{"embeddable":true,"href":"https:\/\/nwold.test.decotec.lv\/ru\/wp-json\/wp\/v2\/media\/50303"}],"wp:attachment":[{"href":"https:\/\/nwold.test.decotec.lv\/ru\/wp-json\/wp\/v2\/media?parent=50348"}],"wp:term":[{"taxonomy":"product_cat","embeddable":true,"href":"https:\/\/nwold.test.decotec.lv\/ru\/wp-json\/wp\/v2\/product_cat?post=50348"},{"taxonomy":"product_tag","embeddable":true,"href":"https:\/\/nwold.test.decotec.lv\/ru\/wp-json\/wp\/v2\/product_tag?post=50348"}],"curies":[{"name":"wp","href":"https:\/\/api.w.org\/{rel}","templated":true}]}}