{"id":51654,"date":"2022-04-22T11:26:18","date_gmt":"2022-04-22T08:26:18","guid":{"rendered":"https:\/\/noblewine.lv\/?post_type=product&#038;p=51654"},"modified":"2024-05-24T22:52:56","modified_gmt":"2024-05-24T19:52:56","slug":"pure-cote-de-provence-aoc-2021","status":"publish","type":"product","link":"https:\/\/nwold.test.decotec.lv\/ru\/catalog\/vino\/pure-cote-de-provence-aoc-2021\/","title":{"rendered":"&#8220;Pure&#8221; Cote de Provence AOC 2021"},"content":{"rendered":"","protected":false},"excerpt":{"rendered":"<p>Sauss roz\u0101 v\u012bns &#8220;Arom\u0101t\u0101 j\u016btamas delik\u0101tas gran\u0101t\u0101bola, l\u012b\u010dijas un kumkvata notis. Gar\u0161\u0101 v\u012bns ir t\u012brs, svaigs, ar jau\u0161am\u0101m gatavo sarkano ogu nians\u0113m.&#8221; \u2014 Ronalds P\u0113tersons, &#8220;Noble Wine&#8221; somelj\u0113<\/p>\n","protected":false},"featured_media":51649,"template":"","meta":[],"product_cat":[4114],"product_tag":[],"class_list":["post-51654","product","type-product","status-publish","has-post-thumbnail","hentry","product_cat-vino","pa_country-france-ru","pa_region-provence-ru","pa_tips-rozovye-vina","pa_varietal-cinsault-ru","pa_varietal-grenache-ru","pa_varietal-syrah-ru","pa_vendor-maison-mirabeau-ru"],"acf":[],"_links":{"self":[{"href":"https:\/\/nwold.test.decotec.lv\/ru\/wp-json\/wp\/v2\/product\/51654"}],"collection":[{"href":"https:\/\/nwold.test.decotec.lv\/ru\/wp-json\/wp\/v2\/product"}],"about":[{"href":"https:\/\/nwold.test.decotec.lv\/ru\/wp-json\/wp\/v2\/types\/product"}],"wp:featuredmedia":[{"embeddable":true,"href":"https:\/\/nwold.test.decotec.lv\/ru\/wp-json\/wp\/v2\/media\/51649"}],"wp:attachment":[{"href":"https:\/\/nwold.test.decotec.lv\/ru\/wp-json\/wp\/v2\/media?parent=51654"}],"wp:term":[{"taxonomy":"product_cat","embeddable":true,"href":"https:\/\/nwold.test.decotec.lv\/ru\/wp-json\/wp\/v2\/product_cat?post=51654"},{"taxonomy":"product_tag","embeddable":true,"href":"https:\/\/nwold.test.decotec.lv\/ru\/wp-json\/wp\/v2\/product_tag?post=51654"}],"curies":[{"name":"wp","href":"https:\/\/api.w.org\/{rel}","templated":true}]}}