{"id":51766,"date":"2022-04-21T14:30:49","date_gmt":"2022-04-21T11:30:49","guid":{"rendered":"https:\/\/noblewine.lv\/?post_type=product&#038;p=51766"},"modified":"2024-05-24T18:19:48","modified_gmt":"2024-05-24T15:19:48","slug":"rose-vom-stein-blaufrankisch-2021","status":"publish","type":"product","link":"https:\/\/nwold.test.decotec.lv\/ru\/catalog\/davanu-konstruktors-ru\/vini-ru\/roza-vini-ru\/rose-vom-stein-blaufrankisch-2021\/","title":{"rendered":"&#8220;Rose vom Stein&#8221; Blaufrankisch 2021"},"content":{"rendered":"","protected":false},"excerpt":{"rendered":"<p>&#8220;Arom\u0101t\u0101 j\u016btamas svaigu ave\u0146u, melle\u0146u, piparu un \u0137ir\u0161u notis. Gar\u0161\u0101 v\u012bns ir intens\u012bvs, sul\u012bgs un aug\u013cains. Tan\u012bni ir akt\u012bvi, p\u0113cgar\u0161a ir ilga.&#8221; \u2014 Ronalds P\u0113tersons, &#8220;Noble Wine&#8221; somelj\u0113<\/p>\n","protected":false},"featured_media":59281,"template":"","meta":[],"product_cat":[4114,5518],"product_tag":[],"class_list":["post-51766","product","type-product","status-publish","has-post-thumbnail","hentry","product_cat-vino","product_cat-roza-vini-ru","pa_country-austria-ru","pa_region-burgenland-ru","pa_tips-rozovye-vina","pa_varietal-blaufrankisch-ru","pa_vendor-weingut-prieler-ru"],"acf":[],"_links":{"self":[{"href":"https:\/\/nwold.test.decotec.lv\/ru\/wp-json\/wp\/v2\/product\/51766"}],"collection":[{"href":"https:\/\/nwold.test.decotec.lv\/ru\/wp-json\/wp\/v2\/product"}],"about":[{"href":"https:\/\/nwold.test.decotec.lv\/ru\/wp-json\/wp\/v2\/types\/product"}],"wp:featuredmedia":[{"embeddable":true,"href":"https:\/\/nwold.test.decotec.lv\/ru\/wp-json\/wp\/v2\/media\/59281"}],"wp:attachment":[{"href":"https:\/\/nwold.test.decotec.lv\/ru\/wp-json\/wp\/v2\/media?parent=51766"}],"wp:term":[{"taxonomy":"product_cat","embeddable":true,"href":"https:\/\/nwold.test.decotec.lv\/ru\/wp-json\/wp\/v2\/product_cat?post=51766"},{"taxonomy":"product_tag","embeddable":true,"href":"https:\/\/nwold.test.decotec.lv\/ru\/wp-json\/wp\/v2\/product_tag?post=51766"}],"curies":[{"name":"wp","href":"https:\/\/api.w.org\/{rel}","templated":true}]}}