{"id":52537,"date":"2022-06-06T11:48:23","date_gmt":"2022-06-06T08:48:23","guid":{"rendered":"https:\/\/noblewine.lv\/?post_type=product&#038;p=52537"},"modified":"2023-06-15T09:52:24","modified_gmt":"2023-06-15T06:52:24","slug":"limonade-somethingnothing-cucumber-seltzer-330ml","status":"publish","type":"product","link":"https:\/\/nwold.test.decotec.lv\/ru\/catalog\/eda\/limonade-somethingnothing-cucumber-seltzer-330ml\/","title":{"rendered":"Limon\u0101de &#8220;Something&amp;Nothing Cucumber Seltzer&#8221; 330ml"},"content":{"rendered":"<p>\u041d\u0430 \u0432\u043a\u0443\u0441 \u043a\u0430\u043a \u043f\u0440\u0430\u0437\u0434\u043d\u0438\u043a \u0432 \u0436\u0435\u0441\u0442\u044f\u043d\u043e\u0439 \u0431\u0430\u043d\u043a\u0435, \u0442\u043e \u0435\u0441\u0442\u044c \u043f\u043e\u0442\u043e\u043c\u0443, \u0447\u0442\u043e \u043d\u0430 \u0431\u0430\u043d\u043a\u0435 \u043e\u0431\u0440\u0430\u0437 \u044d\u043a\u0437\u043e\u0442\u0438\u0447\u0435\u0441\u043a\u043e\u0433\u043e \u043f\u0440\u0430\u0437\u0434\u043d\u0438\u043a\u0430, \u0430 \u043d\u0435 \u0442\u0430\u043a\u043e\u0433\u043e \u043e\u0433\u0443\u0440\u0435\u0447\u043d\u043e\u0433\u043e, \u043a\u0430\u043a \u043c\u043e\u0436\u043d\u043e \u0431\u044b\u043b\u043e \u0431\u044b \u043e\u0436\u0438\u0434\u0430\u0442\u044c&#8230; \u0427\u0442\u043e-\u0442\u043e \u0438\u043b\u0438 \u041d\u0438\u0447\u0442\u043e \u043b\u044e\u0431\u0438\u0442 \u043d\u0435\u043c\u043d\u043e\u0433\u043e \u0441\u0435\u043c\u0438\u043e\u0442\u0438\u0447\u0435\u0441\u043a\u0438 \u0437\u0430\u0433\u0430\u0434\u043e\u0447\u043d\u043e\u0435 \u0432\u044b\u0440\u0430\u0436\u0435\u043d\u0438\u0435, \u043d\u043e \u043f\u0440\u044b\u0433\u043d\u0443\u0442\u044c \u0432 \u0431\u0430\u0441\u0441\u0435\u0439\u043d \u043f\u043e\u0441\u043b\u0435 \u0434\u043e\u043b\u0433\u043e\u0433\u043e \u0434\u043d\u044f \u043d\u0430 \u0441\u043e\u043b\u043d\u0446\u0435. \u042d\u0442\u043e\u0442 \u043f\u0440\u043e\u0434\u0443\u043a\u0442 \u043d\u0435 \u0441\u043e\u0434\u0435\u0440\u0436\u0438\u0442 \u0433\u043b\u044e\u0442\u0435\u043d\u0430, \u0432\u0435\u0433\u0430\u043d\u0441\u043a\u0438\u0439, \u043d\u0438\u0437\u043a\u043e\u043a\u0430\u043b\u043e\u0440\u0438\u0439\u043d\u044b\u0439 \u0438 \u0441\u043e\u0434\u0435\u0440\u0436\u0438\u0442 \u043d\u0430\u0442\u0443\u0440\u0430\u043b\u044c\u043d\u044b\u0435 \u0441\u043e\u043a\u0438!<\/p>\n","protected":false},"excerpt":{"rendered":"<p>Bezalkoholisks dz\u0113riens. Sast\u0101vs: g\u0101z\u0113ts \u016bdens,<br \/>\ngur\u0137u ekstrakts, v\u012bnogu un citronu sulu koncent-<br \/>\nr\u0101ts, dabiski aromatiz\u0113t\u0101ji. 100ml produkta uztur-<br \/>\nv\u0113rt\u012bba: ener\u0123\u0113tisk\u0101 v\u0113rt\u012bba 48kJ\/12kcal; tauki 0g;<br \/>\nog\u013chidr\u0101ti 2,8g, t.s. cukurs 2,8g; olbaltumvielas<br \/>\n0g; s\u0101ls 0g. Ieteicams l\u012bdz: sk.uz iepakojuma.<br \/>\nRa\u017eots Apvienotaj\u0101 Karalist\u0113. Izplat\u012bt\u0101js:<br \/>\nSIA \u201cNoble Wine\u201d, Elizabetes iela 33, R\u012bga,<br \/>\nLV-1010, +371 2010020<\/p>\n","protected":false},"featured_media":42664,"template":"","meta":[],"product_cat":[4808,4690,5538],"product_tag":[],"class_list":["post-52537","product","type-product","status-publish","has-post-thumbnail","hentry","product_cat-soft-drinks-ru","product_cat-eda","product_cat-5538","pa_country-united-kingdom-ru","pa_vendor-something-nothing-ru"],"acf":[],"_links":{"self":[{"href":"https:\/\/nwold.test.decotec.lv\/ru\/wp-json\/wp\/v2\/product\/52537"}],"collection":[{"href":"https:\/\/nwold.test.decotec.lv\/ru\/wp-json\/wp\/v2\/product"}],"about":[{"href":"https:\/\/nwold.test.decotec.lv\/ru\/wp-json\/wp\/v2\/types\/product"}],"wp:featuredmedia":[{"embeddable":true,"href":"https:\/\/nwold.test.decotec.lv\/ru\/wp-json\/wp\/v2\/media\/42664"}],"wp:attachment":[{"href":"https:\/\/nwold.test.decotec.lv\/ru\/wp-json\/wp\/v2\/media?parent=52537"}],"wp:term":[{"taxonomy":"product_cat","embeddable":true,"href":"https:\/\/nwold.test.decotec.lv\/ru\/wp-json\/wp\/v2\/product_cat?post=52537"},{"taxonomy":"product_tag","embeddable":true,"href":"https:\/\/nwold.test.decotec.lv\/ru\/wp-json\/wp\/v2\/product_tag?post=52537"}],"curies":[{"name":"wp","href":"https:\/\/api.w.org\/{rel}","templated":true}]}}