{"id":52541,"date":"2022-06-06T11:48:26","date_gmt":"2022-06-06T08:48:26","guid":{"rendered":"https:\/\/noblewine.lv\/?post_type=product&#038;p=52541"},"modified":"2022-06-09T13:37:54","modified_gmt":"2022-06-09T10:37:54","slug":"limonade-somethingnothing-yuzu-seltzer-330ml","status":"publish","type":"product","link":"https:\/\/nwold.test.decotec.lv\/ru\/catalog\/eda\/limonade-somethingnothing-yuzu-seltzer-330ml\/","title":{"rendered":"\u041b\u0438\u043c\u043e\u043d\u0430\u0434 &#8220;Something&amp;Nothing Yuzu Seltzer&#8221; 330ml"},"content":{"rendered":"<p>Juzu \u2014 \u044f\u043f\u043e\u043d\u0441\u043a\u0438\u0439 \u0446\u0438\u0442\u0440\u0443\u0441\u043e\u0432\u044b\u0439 \u0444\u0440\u0443\u043a\u0442. \u041f\u043e \u0441\u043b\u043e\u0432\u0430\u043c \u043f\u0440\u043e\u0438\u0437\u0432\u043e\u0434\u0438\u0442\u0435\u043b\u0435\u0439, \u044d\u0442\u043e\u0442 \u043d\u0430\u043f\u0438\u0442\u043e\u043a \u043d\u0430 \u0432\u043a\u0443\u0441 \u043d\u0430\u043f\u043e\u043c\u0438\u043d\u0430\u0435\u0442 \u043c\u0435\u043b\u043e\u0434\u0438\u044e, \u0441\u043e\u0437\u0434\u0430\u043d\u043d\u0443\u044e \u0433\u0440\u0443\u043f\u043f\u043e\u0439 \u043c\u0430\u043d\u0434\u0430\u0440\u0438\u043d\u043e\u0432, \u0433\u0440\u0435\u0439\u043f\u0444\u0440\u0443\u0442\u0430 \u0438 \u043b\u0438\u043c\u043e\u043d\u0430&#8230; \u0438 \u0432\u044b \u0434\u0435\u0439\u0441\u0442\u0432\u0438\u0442\u0435\u043b\u044c\u043d\u043e \u043c\u043e\u0436\u0435\u0442\u0435 \u043e\u0449\u0443\u0442\u0438\u0442\u044c \u0437\u0432\u0443\u043a, \u043a\u043e\u0442\u043e\u0440\u044b\u0439 \u043e\u043d \u0438\u0437\u0434\u0430\u0435\u0442. \u041d\u0430 \u0432\u043a\u0443\u0441 \u044d\u0442\u043e \u0430\u043c\u0431\u0438\u0446\u0438\u043e\u0437\u043d\u0430\u044f \u0446\u0438\u0442\u0440\u0443\u0441\u043e\u0432\u0430\u044f \u0430\u0442\u043c\u043e\u0441\u0444\u0435\u0440\u0430. \u042d\u0442\u043e\u0442 \u043f\u0440\u043e\u0434\u0443\u043a\u0442 \u043d\u0435 \u0441\u043e\u0434\u0435\u0440\u0436\u0438\u0442 \u0433\u043b\u044e\u0442\u0435\u043d\u0430, \u0432\u0435\u0433\u0430\u043d\u0441\u043a\u0438\u0439, \u043d\u0438\u0437\u043a\u043e\u043a\u0430\u043b\u043e\u0440\u0438\u0439\u043d\u044b\u0439 \u0438 \u0441\u043e\u0434\u0435\u0440\u0436\u0438\u0442 \u043d\u0430\u0442\u0443\u0440\u0430\u043b\u044c\u043d\u044b\u0435 \u0441\u043e\u043a\u0438!<\/p>\n","protected":false},"excerpt":{"rendered":"<p>Bezalkoholisks dz\u0113riens. Sast\u0101vs: sodas \u016bdens,<br \/>\nv\u012bnogu, citronu un juzu (0,4%) sulu koncentr\u0101ts, dabiski<br \/>\naromatiz\u0113t\u0101ji. 100ml produkta<br \/>\nuzturv\u0113rt\u012bba: ener\u0123. v\u0113rt\u012bba 54kJ\/13kcal; tauki<br \/>\n0g; og\u013chidr\u0101ti 3g, t.s. cukurs 2,8g; olbaltumvielas<br \/>\n0g; s\u0101ls 0,02g. Ieteicams l\u012bdz: sk.uz iepakojuma<br \/>\nRa\u017eots Apvienotaj\u0101 Karalist\u0113. Izplat\u012bt\u0101js:<br \/>\nSIA \u201cNoble Wine\u201d, Elizabetes iela 33, R\u012bga,<br \/>\nLV-1010, +371 2010020<\/p>\n","protected":false},"featured_media":42670,"template":"","meta":[],"product_cat":[4808,4690,5538],"product_tag":[],"class_list":["post-52541","product","type-product","status-publish","has-post-thumbnail","hentry","product_cat-soft-drinks-ru","product_cat-eda","product_cat-5538","pa_country-united-kingdom-ru","pa_vendor-something-nothing-ru"],"acf":[],"_links":{"self":[{"href":"https:\/\/nwold.test.decotec.lv\/ru\/wp-json\/wp\/v2\/product\/52541"}],"collection":[{"href":"https:\/\/nwold.test.decotec.lv\/ru\/wp-json\/wp\/v2\/product"}],"about":[{"href":"https:\/\/nwold.test.decotec.lv\/ru\/wp-json\/wp\/v2\/types\/product"}],"wp:featuredmedia":[{"embeddable":true,"href":"https:\/\/nwold.test.decotec.lv\/ru\/wp-json\/wp\/v2\/media\/42670"}],"wp:attachment":[{"href":"https:\/\/nwold.test.decotec.lv\/ru\/wp-json\/wp\/v2\/media?parent=52541"}],"wp:term":[{"taxonomy":"product_cat","embeddable":true,"href":"https:\/\/nwold.test.decotec.lv\/ru\/wp-json\/wp\/v2\/product_cat?post=52541"},{"taxonomy":"product_tag","embeddable":true,"href":"https:\/\/nwold.test.decotec.lv\/ru\/wp-json\/wp\/v2\/product_tag?post=52541"}],"curies":[{"name":"wp","href":"https:\/\/api.w.org\/{rel}","templated":true}]}}