{"id":52549,"date":"2022-05-13T12:41:47","date_gmt":"2022-05-13T09:41:47","guid":{"rendered":"https:\/\/noblewine.lv\/?post_type=product&#038;p=52549"},"modified":"2022-06-09T13:44:48","modified_gmt":"2022-06-09T10:44:48","slug":"vina-dzeriens-french-rose-hibiscus-rose-seltzer-spritz-330ml","status":"publish","type":"product","link":"https:\/\/nwold.test.decotec.lv\/ru\/catalog\/eda\/vina-dzeriens-french-rose-hibiscus-rose-seltzer-spritz-330ml\/","title":{"rendered":"\u0412\u0438\u043d\u043d\u044b\u0439 \u041d\u0430\u043f\u0438\u0442\u043e\u043a &#8220;French Ros\u00e9 + Hibiscus &amp; Rose Seltzer Spritz&#8221; 330ml"},"content":{"rendered":"<p>\u0418\u0437\u0433\u043e\u0442\u043e\u0432\u043b\u0435\u043d \u0438\u0437 \u0442\u0443\u0441\u043a\u043b\u043e\u0433\u043e \u0444\u0440\u0430\u043d\u0446\u0443\u0437\u0441\u043a\u043e\u0433\u043e <span style=\"font-weight: 400;\">Ros\u00e9<\/span>, \u043a\u043e\u0442\u043e\u0440\u0430\u044f \u0442\u043e\u043d\u043a\u043e \u0434\u043e\u043f\u043e\u043b\u043d\u044f\u0435\u0442 \u00ab\u0441\u0443\u0445\u043e\u0439\u00bb, \u043d\u043e \u043e\u0441\u0432\u0435\u0436\u0430\u044e\u0449\u0438\u0439 \u0432\u043a\u0443\u0441 \u0433\u0438\u0431\u0438\u0441\u043a\u0443\u0441\u0430 \u0438 \u0441\u0435\u043b\u044c\u0442\u0435\u0440\u0441\u043a\u043e\u0439 \u0440\u043e\u0437\u044b. \u041d\u0430\u043f\u0438\u0442\u043e\u043a \u0438\u043c\u0435\u0435\u0442 \u043f\u0440\u0435\u043a\u0440\u0430\u0441\u043d\u044b\u0439 \u0431\u0430\u043b\u0430\u043d\u0441 \u043b\u0438\u043c\u043e\u043d\u0430, \u0432\u0438\u043d\u043e\u0433\u0440\u0430\u0434\u043d\u043e\u0433\u043e \u0441\u043e\u043a\u0430 \u0438 \u0433\u0430\u0437\u0438\u0440\u043e\u0432\u0430\u043d\u043d\u043e\u0439 \u0432\u043e\u0434\u044b. \u041e\u043d \u0441\u043e\u0437\u0434\u0430\u043d \u0434\u043b\u044f \u0434\u043e\u043b\u0433\u0438\u0445 \u043d\u043e\u0447\u0435\u0439 \u0438 \u044f\u0440\u043a\u0438\u0445 \u0434\u043d\u0435\u0439! \u041f\u043e\u043f\u0440\u043e\u0431\u0443\u0439\u0442\u0435 \u043d\u0430\u043f\u0438\u0442\u043e\u043a \u043d\u0430 \u0437\u0430\u043a\u0430\u0442\u0435 \u0433\u0434\u0435-\u043d\u0438\u0431\u0443\u0434\u044c \u0432 \u0440\u0430\u0439\u043e\u043d\u0435 \u0432\u0438\u043b\u043b\u044b Nellc\u00f4te. \u042d\u0442\u043e\u0442 Spritz \u043f\u043e\u0445\u043e\u0436 \u043d\u0430 \u0432\u0441\u0435 \u0437\u0430\u043a\u0430\u0442\u044b \u043c\u0438\u0440\u0430 \u043d\u0430 \u0442\u0435\u0440\u0440\u0430\u0441\u0430\u0445, \u0441\u0438\u0434\u044f \u0432 \u043f\u0430\u0440\u043a\u0430\u0445, \u0431\u0435\u0437\u0434\u0435\u043b\u044c\u043d\u0438\u0447\u0430\u044f \u0443 \u0431\u0430\u0441\u0441\u0435\u0439\u043d\u0430 \u0438 \u0442\u0430\u043d\u0446\u0443\u044f \u0441 \u0434\u0440\u0443\u0437\u044c\u044f\u043c\u0438. \u0421\u043e\u0447\u043d\u044b\u0435 \u0430\u0440\u043e\u043c\u0430\u0442\u044b \u043a\u0440\u0430\u0441\u043d\u044b\u0445 \u0444\u0440\u0443\u043a\u0442\u043e\u0432, \u0441\u0431\u0430\u043b\u0430\u043d\u0441\u0438\u0440\u043e\u0432\u0430\u043d\u043d\u044b\u0435 \u0441 \u044f\u0440\u043a\u043e \u0432\u044b\u0440\u0430\u0436\u0435\u043d\u043d\u043e\u0439 \u043a\u0438\u0441\u043b\u043e\u0439 \u0441\u0443\u0445\u043e\u0441\u0442\u044c\u044e \u0442\u0443\u0441\u043a\u043b\u043e\u0439 \u0440\u043e\u0437\u044b \u0438 \u0431\u043e\u0442\u0430\u043d\u0438\u0447\u0435\u0441\u043a\u043e\u0433\u043e \u0433\u0438\u0431\u0438\u0441\u043a\u0443\u0441\u0430. \u042d\u0442\u043e \u0432\u0435\u0433\u0430\u043d\u0441\u043a\u0438\u0439 \u043f\u0440\u043e\u0434\u0443\u043a\u0442 \u0431\u0435\u0437 \u0433\u043b\u044e\u0442\u0435\u043d\u0430, \u0441\u043e\u0434\u0435\u0440\u0436\u0430\u0449\u0438\u0439 \u043d\u0430\u0442\u0443\u0440\u0430\u043b\u044c\u043d\u044b\u0435 \u0441\u043e\u043a\u0438.<\/p>\n","protected":false},"excerpt":{"rendered":"<p>V\u012bna dz\u0113riens. Sast\u0101vs: g\u0101z\u0113ts \u016bdens, roz\u0101 v\u012bns<br \/>\n(34,6% no sast\u0101va), dab\u012bgi ro\u017eu un hibiska<br \/>\naromatiz\u0113t\u0101ji.<br \/>\nIeteicams l\u012bdz: sk.uz iepakojuma<br \/>\nRa\u017eots Apvienotaj\u0101 Karalist\u0113.<br \/>\nIzplat\u012bt\u0101js:<br \/>\nSIA \u201cNoble Wine\u201d, Elizabetes iela 33, R\u012bga,<br \/>\nLV-1010, +371 2010020<\/p>\n","protected":false},"featured_media":52547,"template":"","meta":[],"product_cat":[5155,4690],"product_tag":[],"class_list":["post-52549","product","type-product","status-publish","has-post-thumbnail","hentry","product_cat-5155","product_cat-eda","pa_country-united-kingdom-ru","pa_vendor-something-nothing-ru"],"acf":[],"_links":{"self":[{"href":"https:\/\/nwold.test.decotec.lv\/ru\/wp-json\/wp\/v2\/product\/52549"}],"collection":[{"href":"https:\/\/nwold.test.decotec.lv\/ru\/wp-json\/wp\/v2\/product"}],"about":[{"href":"https:\/\/nwold.test.decotec.lv\/ru\/wp-json\/wp\/v2\/types\/product"}],"wp:featuredmedia":[{"embeddable":true,"href":"https:\/\/nwold.test.decotec.lv\/ru\/wp-json\/wp\/v2\/media\/52547"}],"wp:attachment":[{"href":"https:\/\/nwold.test.decotec.lv\/ru\/wp-json\/wp\/v2\/media?parent=52549"}],"wp:term":[{"taxonomy":"product_cat","embeddable":true,"href":"https:\/\/nwold.test.decotec.lv\/ru\/wp-json\/wp\/v2\/product_cat?post=52549"},{"taxonomy":"product_tag","embeddable":true,"href":"https:\/\/nwold.test.decotec.lv\/ru\/wp-json\/wp\/v2\/product_tag?post=52549"}],"curies":[{"name":"wp","href":"https:\/\/api.w.org\/{rel}","templated":true}]}}