{"id":53360,"date":"2022-07-06T09:54:16","date_gmt":"2022-07-06T06:54:16","guid":{"rendered":"https:\/\/noblewine.lv\/catalog\/uncategorized\/hellebore-st-emilion-grand-cru-2015\/"},"modified":"2024-05-16T07:52:11","modified_gmt":"2024-05-16T04:52:11","slug":"hellebore-st-emilion-grand-cru-2015","status":"publish","type":"product","link":"https:\/\/nwold.test.decotec.lv\/ru\/catalog\/vino\/hellebore-st-emilion-grand-cru-2015\/","title":{"rendered":"&#8220;Hell\u00e9bore&#8221; St. Emilion Grand Cru 2015"},"content":{"rendered":"","protected":false},"excerpt":{"rendered":"<p>&#8220;Arom\u0101t\u0101 j\u016btamas upe\u0146u, me\u017ea un melno piparu notis. Gar\u0161\u0101 v\u012bns ir vid\u0113jas miesas b\u016bves, apa\u013c\u0161 ar upe\u0146u, melnzemes un ciedra koka nians\u0113m. Tan\u012bni ir akt\u012bvi, z\u012bdaini.&#8221; \u2014 Ronalds P\u0113tersons, &#8220;Noble Wine&#8221; somelj\u0113<\/p>\n","protected":false},"featured_media":48303,"template":"","meta":[],"product_cat":[4114],"product_tag":[3133],"class_list":["post-53360","product","type-product","status-publish","has-post-thumbnail","hentry","product_cat-vino","product_tag-biggest-saving-ru","pa_country-france-ru","pa_region-bordeaux-ru","pa_tips-red-wine-ru","pa_varietal-cabernet-franc-ru","pa_village-saint-emilion-ru"],"acf":[],"_links":{"self":[{"href":"https:\/\/nwold.test.decotec.lv\/ru\/wp-json\/wp\/v2\/product\/53360"}],"collection":[{"href":"https:\/\/nwold.test.decotec.lv\/ru\/wp-json\/wp\/v2\/product"}],"about":[{"href":"https:\/\/nwold.test.decotec.lv\/ru\/wp-json\/wp\/v2\/types\/product"}],"wp:featuredmedia":[{"embeddable":true,"href":"https:\/\/nwold.test.decotec.lv\/ru\/wp-json\/wp\/v2\/media\/48303"}],"wp:attachment":[{"href":"https:\/\/nwold.test.decotec.lv\/ru\/wp-json\/wp\/v2\/media?parent=53360"}],"wp:term":[{"taxonomy":"product_cat","embeddable":true,"href":"https:\/\/nwold.test.decotec.lv\/ru\/wp-json\/wp\/v2\/product_cat?post=53360"},{"taxonomy":"product_tag","embeddable":true,"href":"https:\/\/nwold.test.decotec.lv\/ru\/wp-json\/wp\/v2\/product_tag?post=53360"}],"curies":[{"name":"wp","href":"https:\/\/api.w.org\/{rel}","templated":true}]}}