{"id":53396,"date":"2022-06-03T09:42:58","date_gmt":"2022-06-03T06:42:58","guid":{"rendered":"https:\/\/noblewine.lv\/?post_type=product&#038;p=53396"},"modified":"2024-05-22T08:14:43","modified_gmt":"2024-05-22T05:14:43","slug":"w-dreams-igp-2020-bianco-jer","status":"publish","type":"product","link":"https:\/\/nwold.test.decotec.lv\/ru\/catalog\/davanu-konstruktors-ru\/vini-ru\/baltvini-ru\/w-dreams-igp-2020-bianco-jer\/","title":{"rendered":"W&#8230;Dreams&#8230;IGP 2020"},"content":{"rendered":"","protected":false},"excerpt":{"rendered":"<p>\u201cV\u012bnam rakstur\u012bga gatavu persiku, sviesta un maizes arom\u0101ts, kur\u0101 ir maigas citrusa nianses. Gar\u0161a ir sabalans\u0113ta, svaiga, apa\u013ca un sul\u012bga. Gara, svaiga p\u0113cgar\u0161a.\u201d \u2013 Ronalds P\u0113tersons, \u201cNoble Wine\u201d somelj\u0113<\/p>\n","protected":false},"featured_media":59278,"template":"","meta":[],"product_cat":[4114,5503],"product_tag":[3133],"class_list":["post-53396","product","type-product","status-publish","has-post-thumbnail","hentry","product_cat-vino","product_cat-baltvini-ru","product_tag-biggest-saving-ru","pa_country-italy-ru","pa_region-friuli-venezia-giulia-ru","pa_tips-beloe-vino","pa_varietal-chardonnay-ru","pa_vendor-jermann-ru"],"acf":[],"_links":{"self":[{"href":"https:\/\/nwold.test.decotec.lv\/ru\/wp-json\/wp\/v2\/product\/53396"}],"collection":[{"href":"https:\/\/nwold.test.decotec.lv\/ru\/wp-json\/wp\/v2\/product"}],"about":[{"href":"https:\/\/nwold.test.decotec.lv\/ru\/wp-json\/wp\/v2\/types\/product"}],"wp:featuredmedia":[{"embeddable":true,"href":"https:\/\/nwold.test.decotec.lv\/ru\/wp-json\/wp\/v2\/media\/59278"}],"wp:attachment":[{"href":"https:\/\/nwold.test.decotec.lv\/ru\/wp-json\/wp\/v2\/media?parent=53396"}],"wp:term":[{"taxonomy":"product_cat","embeddable":true,"href":"https:\/\/nwold.test.decotec.lv\/ru\/wp-json\/wp\/v2\/product_cat?post=53396"},{"taxonomy":"product_tag","embeddable":true,"href":"https:\/\/nwold.test.decotec.lv\/ru\/wp-json\/wp\/v2\/product_tag?post=53396"}],"curies":[{"name":"wp","href":"https:\/\/api.w.org\/{rel}","templated":true}]}}