{"id":54142,"date":"2022-08-03T13:02:41","date_gmt":"2022-08-03T10:02:41","guid":{"rendered":"https:\/\/noblewine.lv\/?post_type=product&#038;p=54142"},"modified":"2024-05-24T22:53:32","modified_gmt":"2024-05-24T19:53:32","slug":"gruner-veltliner-spitz-steinfeder-2021","status":"publish","type":"product","link":"https:\/\/nwold.test.decotec.lv\/ru\/catalog\/vino\/gruner-veltliner-spitz-steinfeder-2021\/","title":{"rendered":"Gruner Veltliner &#8220;Spitz&#8221; Steinfeder 2021"},"content":{"rendered":"","protected":false},"excerpt":{"rendered":"<p>\u201cV\u012bnam rakstur\u012bgas greipfr\u016bta, dzelteno aug\u013cu un miner\u0101lu arom\u0101ts, kur\u0101 izce\u013cas apriko\u017eu un \u0101bolu nianses. Gar\u0161a ir sabalans\u0113ta, sul\u012bga, ar augstu sk\u0101bumu un za\u013co \u0101bolu nians\u0113m.\u201d \u2013 Ronalds P\u0113tersons, \u201cNoble Wine\u201d somelj\u0113<\/p>\n","protected":false},"featured_media":54140,"template":"","meta":[],"product_cat":[4114],"product_tag":[],"class_list":["post-54142","product","type-product","status-publish","has-post-thumbnail","hentry","product_cat-vino","pa_country-austria-ru","pa_region-wachau-ru","pa_tips-beloe-vino","pa_varietal-gruner-veltliner-ru","pa_vendor-weingut-franz-hirtzberger-ru"],"acf":[],"_links":{"self":[{"href":"https:\/\/nwold.test.decotec.lv\/ru\/wp-json\/wp\/v2\/product\/54142"}],"collection":[{"href":"https:\/\/nwold.test.decotec.lv\/ru\/wp-json\/wp\/v2\/product"}],"about":[{"href":"https:\/\/nwold.test.decotec.lv\/ru\/wp-json\/wp\/v2\/types\/product"}],"wp:featuredmedia":[{"embeddable":true,"href":"https:\/\/nwold.test.decotec.lv\/ru\/wp-json\/wp\/v2\/media\/54140"}],"wp:attachment":[{"href":"https:\/\/nwold.test.decotec.lv\/ru\/wp-json\/wp\/v2\/media?parent=54142"}],"wp:term":[{"taxonomy":"product_cat","embeddable":true,"href":"https:\/\/nwold.test.decotec.lv\/ru\/wp-json\/wp\/v2\/product_cat?post=54142"},{"taxonomy":"product_tag","embeddable":true,"href":"https:\/\/nwold.test.decotec.lv\/ru\/wp-json\/wp\/v2\/product_tag?post=54142"}],"curies":[{"name":"wp","href":"https:\/\/api.w.org\/{rel}","templated":true}]}}