{"id":54165,"date":"2022-08-03T13:32:49","date_gmt":"2022-08-03T10:32:49","guid":{"rendered":"https:\/\/noblewine.lv\/?post_type=product&#038;p=54165"},"modified":"2024-05-20T12:35:17","modified_gmt":"2024-05-20T09:35:17","slug":"riesling-setzberg-smaragd-2021","status":"publish","type":"product","link":"https:\/\/nwold.test.decotec.lv\/ru\/catalog\/vino\/riesling-setzberg-smaragd-2021\/","title":{"rendered":"Riesling &#8220;Setzberg&#8221; Smaragd 2021"},"content":{"rendered":"","protected":false},"excerpt":{"rendered":"<p>&#8220;Arom\u0101t\u0101 ir j\u016btama laima, gatavu za\u013co \u0101bolu un persiku notis. Gar\u0161\u0101 v\u012bns ir \u013coti sul\u012bgs ar \u0101bola nians\u0113m. P\u0113cgar\u0161a \u013coti ilga.&#8221; &#8211; Ronalds P\u0113tersons, &#8220;Noble Wine&#8221; somelj\u0113<\/p>\n","protected":false},"featured_media":54162,"template":"","meta":[],"product_cat":[4114],"product_tag":[],"class_list":["post-54165","product","type-product","status-publish","has-post-thumbnail","hentry","product_cat-vino","pa_country-austria-ru","pa_region-wachau-ru","pa_tips-beloe-vino","pa_varietal-riesling-ru","pa_vendor-weingut-franz-hirtzberger-ru"],"acf":[],"_links":{"self":[{"href":"https:\/\/nwold.test.decotec.lv\/ru\/wp-json\/wp\/v2\/product\/54165"}],"collection":[{"href":"https:\/\/nwold.test.decotec.lv\/ru\/wp-json\/wp\/v2\/product"}],"about":[{"href":"https:\/\/nwold.test.decotec.lv\/ru\/wp-json\/wp\/v2\/types\/product"}],"wp:featuredmedia":[{"embeddable":true,"href":"https:\/\/nwold.test.decotec.lv\/ru\/wp-json\/wp\/v2\/media\/54162"}],"wp:attachment":[{"href":"https:\/\/nwold.test.decotec.lv\/ru\/wp-json\/wp\/v2\/media?parent=54165"}],"wp:term":[{"taxonomy":"product_cat","embeddable":true,"href":"https:\/\/nwold.test.decotec.lv\/ru\/wp-json\/wp\/v2\/product_cat?post=54165"},{"taxonomy":"product_tag","embeddable":true,"href":"https:\/\/nwold.test.decotec.lv\/ru\/wp-json\/wp\/v2\/product_tag?post=54165"}],"curies":[{"name":"wp","href":"https:\/\/api.w.org\/{rel}","templated":true}]}}