{"id":54288,"date":"2022-08-05T12:24:57","date_gmt":"2022-08-05T09:24:57","guid":{"rendered":"https:\/\/noblewine.lv\/?post_type=product&#038;p=54288"},"modified":"2024-05-21T09:53:34","modified_gmt":"2024-05-21T06:53:34","slug":"zierfandler-anning-2021","status":"publish","type":"product","link":"https:\/\/nwold.test.decotec.lv\/ru\/catalog\/vino\/zierfandler-anning-2021\/","title":{"rendered":"Zierfandler &#8220;Anning&#8221; 2021"},"content":{"rendered":"","protected":false},"excerpt":{"rendered":"<p>&#8220;Arom\u0101ta ir j\u016btamas apriko\u017eu, dzelteno \u0101bolu, anan\u0101su un balto ziedu notis. Gar\u0161\u0101 v\u012bns ir svaigs, krauk\u0161\u0137\u012bgs ar gatavu kauli\u0146aug\u013cu nians\u0113m. P\u0113cgar\u0161a \u013coti gara.&#8221; &#8211; Ronalds P\u0113tersons, &#8220;Noble Wine&#8221; somelj\u0113<\/p>\n","protected":false},"featured_media":38754,"template":"","meta":[],"product_cat":[4114],"product_tag":[3133],"class_list":["post-54288","product","type-product","status-publish","has-post-thumbnail","hentry","product_cat-vino","product_tag-biggest-saving-ru","pa_country-austria-ru","pa_region-thermenregion-ru","pa_tips-beloe-vino","pa_varietal-zierfandler-ru","pa_vendor-weingut-stadlmann-ru"],"acf":[],"_links":{"self":[{"href":"https:\/\/nwold.test.decotec.lv\/ru\/wp-json\/wp\/v2\/product\/54288"}],"collection":[{"href":"https:\/\/nwold.test.decotec.lv\/ru\/wp-json\/wp\/v2\/product"}],"about":[{"href":"https:\/\/nwold.test.decotec.lv\/ru\/wp-json\/wp\/v2\/types\/product"}],"wp:featuredmedia":[{"embeddable":true,"href":"https:\/\/nwold.test.decotec.lv\/ru\/wp-json\/wp\/v2\/media\/38754"}],"wp:attachment":[{"href":"https:\/\/nwold.test.decotec.lv\/ru\/wp-json\/wp\/v2\/media?parent=54288"}],"wp:term":[{"taxonomy":"product_cat","embeddable":true,"href":"https:\/\/nwold.test.decotec.lv\/ru\/wp-json\/wp\/v2\/product_cat?post=54288"},{"taxonomy":"product_tag","embeddable":true,"href":"https:\/\/nwold.test.decotec.lv\/ru\/wp-json\/wp\/v2\/product_tag?post=54288"}],"curies":[{"name":"wp","href":"https:\/\/api.w.org\/{rel}","templated":true}]}}