{"id":54617,"date":"2022-08-22T14:06:11","date_gmt":"2022-08-22T11:06:11","guid":{"rendered":"https:\/\/noblewine.lv\/?post_type=product&#038;p=54617"},"modified":"2024-04-16T19:56:34","modified_gmt":"2024-04-16T16:56:34","slug":"lafarge-fleurie-clos-vernay-2020","status":"publish","type":"product","link":"https:\/\/nwold.test.decotec.lv\/ru\/catalog\/vino\/lafarge-fleurie-clos-vernay-2020\/","title":{"rendered":"Lafarge Fleurie &#8220;Clos Vernay&#8221; 2020"},"content":{"rendered":"","protected":false},"excerpt":{"rendered":"<p>&#8220;Arom\u0101t\u0101 j\u016btamas zeme\u0146u, upe\u0146u un \u0137ir\u0161u notis. Gar\u0161a ir sul\u012bga ar z\u012bdainiem tan\u012bniem un j\u016btam\u0101m \u0137ir\u0161u, zeme\u0146u un saldo gar\u0161vielu not\u012bm. V\u012bns paredz\u0113ts baud\u012b\u0161anai ikdien\u0101.&#8221; \u2014 Ronalds P\u0113tersons, &#8220;Noble Wine&#8221; somelj\u0113<\/p>\n","protected":false},"featured_media":54615,"template":"","meta":[],"product_cat":[4114],"product_tag":[],"class_list":["post-54617","product","type-product","status-publish","has-post-thumbnail","hentry","product_cat-vino","pa_country-france-ru","pa_region-burgundy-ru","pa_tips-red-wine-ru","pa_varietal-gamay-ru","pa_vendor-domaine-lafarge-ru","pa_village-beaujolais-ru"],"acf":[],"_links":{"self":[{"href":"https:\/\/nwold.test.decotec.lv\/ru\/wp-json\/wp\/v2\/product\/54617"}],"collection":[{"href":"https:\/\/nwold.test.decotec.lv\/ru\/wp-json\/wp\/v2\/product"}],"about":[{"href":"https:\/\/nwold.test.decotec.lv\/ru\/wp-json\/wp\/v2\/types\/product"}],"wp:featuredmedia":[{"embeddable":true,"href":"https:\/\/nwold.test.decotec.lv\/ru\/wp-json\/wp\/v2\/media\/54615"}],"wp:attachment":[{"href":"https:\/\/nwold.test.decotec.lv\/ru\/wp-json\/wp\/v2\/media?parent=54617"}],"wp:term":[{"taxonomy":"product_cat","embeddable":true,"href":"https:\/\/nwold.test.decotec.lv\/ru\/wp-json\/wp\/v2\/product_cat?post=54617"},{"taxonomy":"product_tag","embeddable":true,"href":"https:\/\/nwold.test.decotec.lv\/ru\/wp-json\/wp\/v2\/product_tag?post=54617"}],"curies":[{"name":"wp","href":"https:\/\/api.w.org\/{rel}","templated":true}]}}