{"id":55232,"date":"2022-09-15T08:45:22","date_gmt":"2022-09-15T05:45:22","guid":{"rendered":"https:\/\/noblewine.lv\/?post_type=product&#038;p=55232"},"modified":"2024-05-01T22:13:25","modified_gmt":"2024-05-01T19:13:25","slug":"chassagne-montrachet-1er-cru-les-macherelles-2016","status":"publish","type":"product","link":"https:\/\/nwold.test.decotec.lv\/ru\/catalog\/vino\/chassagne-montrachet-1er-cru-les-macherelles-2016\/","title":{"rendered":"Chassagne-Montrachet 1er Cru &#8220;Les Macherelles&#8221; 2016"},"content":{"rendered":"","protected":false},"excerpt":{"rendered":"<p>&#8220;Komplekss arom\u0101ts ar citrusu, medus, baltu ziedu un tost\u0113tas maizes not\u012bm. Gar\u0161a ir kompleksa, apa\u013ca, \u013coti labi sabalans\u0113ta ar maig\u0101m vani\u013cas not\u012bm. P\u0113cgar\u0161a ir \u013coti ilga.&#8221; \u2014 Ronalds P\u0113tersons, &#8220;Noble Wine&#8221; somelj\u0113<\/p>\n","protected":false},"featured_media":55230,"template":"","meta":[],"product_cat":[4114],"product_tag":[],"class_list":["post-55232","product","type-product","status-publish","has-post-thumbnail","hentry","product_cat-vino","pa_country-france-ru","pa_region-burgundy-ru","pa_tips-beloe-vino","pa_varietal-chardonnay-ru","pa_vendor-au-pied-du-mont-chauve-ru","pa_village-chassagne-montrachet-ru"],"acf":[],"_links":{"self":[{"href":"https:\/\/nwold.test.decotec.lv\/ru\/wp-json\/wp\/v2\/product\/55232"}],"collection":[{"href":"https:\/\/nwold.test.decotec.lv\/ru\/wp-json\/wp\/v2\/product"}],"about":[{"href":"https:\/\/nwold.test.decotec.lv\/ru\/wp-json\/wp\/v2\/types\/product"}],"wp:featuredmedia":[{"embeddable":true,"href":"https:\/\/nwold.test.decotec.lv\/ru\/wp-json\/wp\/v2\/media\/55230"}],"wp:attachment":[{"href":"https:\/\/nwold.test.decotec.lv\/ru\/wp-json\/wp\/v2\/media?parent=55232"}],"wp:term":[{"taxonomy":"product_cat","embeddable":true,"href":"https:\/\/nwold.test.decotec.lv\/ru\/wp-json\/wp\/v2\/product_cat?post=55232"},{"taxonomy":"product_tag","embeddable":true,"href":"https:\/\/nwold.test.decotec.lv\/ru\/wp-json\/wp\/v2\/product_tag?post=55232"}],"curies":[{"name":"wp","href":"https:\/\/api.w.org\/{rel}","templated":true}]}}