{"id":55270,"date":"2022-09-19T13:04:12","date_gmt":"2022-09-19T10:04:12","guid":{"rendered":"https:\/\/noblewine.lv\/?post_type=product&#038;p=55270"},"modified":"2024-04-15T16:03:13","modified_gmt":"2024-04-15T13:03:13","slug":"st-aubin-1er-cru-pitangerets-2018","status":"publish","type":"product","link":"https:\/\/nwold.test.decotec.lv\/ru\/catalog\/vino\/st-aubin-1er-cru-pitangerets-2018\/","title":{"rendered":"St.Aubin 1er cru &#8220;Pitangerets&#8221; 2018"},"content":{"rendered":"","protected":false},"excerpt":{"rendered":"<p>&#8220;Komplekss arom\u0101ts ar j\u016btam\u0101m vijol\u012b\u0161u, melle\u0146u un \u0137ir\u0161u not\u012bm. Gar\u0161a ir tum\u012bga ar tum\u0161o ogu un melnzemes not\u012bm. Tan\u012bni ir apa\u013ci un maigi. P\u0113cgar\u0161a ir ilga un intens\u012bva.&#8221; \u2014 Ronalds P\u0113tersons, &#8220;Noble Wine&#8221; somelj\u0113<\/p>\n","protected":false},"featured_media":55262,"template":"","meta":[],"product_cat":[4114],"product_tag":[],"class_list":["post-55270","product","type-product","status-publish","has-post-thumbnail","hentry","product_cat-vino","pa_country-france-ru","pa_region-burgundy-ru","pa_tips-red-wine-ru","pa_varietal-pinot-noir-ru","pa_vendor-au-pied-du-mont-chauve-ru","pa_village-st-aubin-ru"],"acf":[],"_links":{"self":[{"href":"https:\/\/nwold.test.decotec.lv\/ru\/wp-json\/wp\/v2\/product\/55270"}],"collection":[{"href":"https:\/\/nwold.test.decotec.lv\/ru\/wp-json\/wp\/v2\/product"}],"about":[{"href":"https:\/\/nwold.test.decotec.lv\/ru\/wp-json\/wp\/v2\/types\/product"}],"wp:featuredmedia":[{"embeddable":true,"href":"https:\/\/nwold.test.decotec.lv\/ru\/wp-json\/wp\/v2\/media\/55262"}],"wp:attachment":[{"href":"https:\/\/nwold.test.decotec.lv\/ru\/wp-json\/wp\/v2\/media?parent=55270"}],"wp:term":[{"taxonomy":"product_cat","embeddable":true,"href":"https:\/\/nwold.test.decotec.lv\/ru\/wp-json\/wp\/v2\/product_cat?post=55270"},{"taxonomy":"product_tag","embeddable":true,"href":"https:\/\/nwold.test.decotec.lv\/ru\/wp-json\/wp\/v2\/product_tag?post=55270"}],"curies":[{"name":"wp","href":"https:\/\/api.w.org\/{rel}","templated":true}]}}