{"id":56075,"date":"2022-10-13T11:33:11","date_gmt":"2022-10-13T08:33:11","guid":{"rendered":"https:\/\/noblewine.lv\/?post_type=product&#038;p=56075"},"modified":"2024-05-20T22:34:51","modified_gmt":"2024-05-20T19:34:51","slug":"glazu-komplekts-fresh-34-cl-komplekts-ar-2-glazem","status":"publish","type":"product","link":"https:\/\/nwold.test.decotec.lv\/ru\/catalog\/vinnye-aksessuary\/glazu-komplekts-fresh-34-cl-komplekts-ar-2-glazem\/","title":{"rendered":"Gl\u0101\u017eu komplekts \u201dFresh\u201d 34 cl (Komplekts ar 2 gl\u0101z\u0113m)"},"content":{"rendered":"","protected":false},"excerpt":{"rendered":"<p>Ra\u017eojums: V\u0101cija<\/p>\n<p>Materi\u0101ls: Crist\u0101ls<\/p>\n<p>Ra\u017eots: Roku darbs<\/p>\n","protected":false},"featured_media":55996,"template":"","meta":[],"product_cat":[4076],"product_tag":[],"class_list":["post-56075","product","type-product","status-publish","has-post-thumbnail","hentry","product_cat-vinnye-aksessuary","pa_vendor-zieher-kg-ru"],"acf":[],"_links":{"self":[{"href":"https:\/\/nwold.test.decotec.lv\/ru\/wp-json\/wp\/v2\/product\/56075"}],"collection":[{"href":"https:\/\/nwold.test.decotec.lv\/ru\/wp-json\/wp\/v2\/product"}],"about":[{"href":"https:\/\/nwold.test.decotec.lv\/ru\/wp-json\/wp\/v2\/types\/product"}],"wp:featuredmedia":[{"embeddable":true,"href":"https:\/\/nwold.test.decotec.lv\/ru\/wp-json\/wp\/v2\/media\/55996"}],"wp:attachment":[{"href":"https:\/\/nwold.test.decotec.lv\/ru\/wp-json\/wp\/v2\/media?parent=56075"}],"wp:term":[{"taxonomy":"product_cat","embeddable":true,"href":"https:\/\/nwold.test.decotec.lv\/ru\/wp-json\/wp\/v2\/product_cat?post=56075"},{"taxonomy":"product_tag","embeddable":true,"href":"https:\/\/nwold.test.decotec.lv\/ru\/wp-json\/wp\/v2\/product_tag?post=56075"}],"curies":[{"name":"wp","href":"https:\/\/api.w.org\/{rel}","templated":true}]}}