{"id":56087,"date":"2022-10-04T09:04:44","date_gmt":"2022-10-04T06:04:44","guid":{"rendered":"https:\/\/noblewine.lv\/?post_type=product&#038;p=56087"},"modified":"2024-05-02T15:45:36","modified_gmt":"2024-05-02T12:45:36","slug":"lynch-moussas-5eme-gcc-pauillac-2001","status":"publish","type":"product","link":"https:\/\/nwold.test.decotec.lv\/ru\/catalog\/vino\/lynch-moussas-5eme-gcc-pauillac-2001\/","title":{"rendered":"&#8220;Lynch-Moussas&#8221; 5eme GCC Pauillac 2001"},"content":{"rendered":"","protected":false},"excerpt":{"rendered":"<p>&#8220;Arom\u0101t\u0101 j\u016btamas lakricas, upe\u0146u, kaze\u0146u un kafijas notis. Gar\u0161\u0101 v\u012bns ir vid\u0113jas miesas b\u016bves ar upe\u0146u un kaze\u0146u nians\u0113m. Tan\u012bni ir agres\u012bvi. V\u012bns paredz\u0113ts glab\u0101\u0161anai.&#8221; \u2014 Ronalds P\u0113tersons, &#8220;Noble Wine&#8221; somelj\u0113<\/p>\n","protected":false},"featured_media":56085,"template":"","meta":[],"product_cat":[4114],"product_tag":[5836],"class_list":["post-56087","product","type-product","status-publish","has-post-thumbnail","hentry","product_cat-vino","product_tag-french_lovers-ru","pa_country-france-ru","pa_region-bordeaux-ru","pa_tips-red-wine-ru","pa_varietal-cabernet-franc-ru","pa_varietal-cabernet-sauvignon-ru","pa_varietal-merlot-ru","pa_vendor-chateau-lynch-moussas-ru","pa_village-pauillac-ru"],"acf":[],"_links":{"self":[{"href":"https:\/\/nwold.test.decotec.lv\/ru\/wp-json\/wp\/v2\/product\/56087"}],"collection":[{"href":"https:\/\/nwold.test.decotec.lv\/ru\/wp-json\/wp\/v2\/product"}],"about":[{"href":"https:\/\/nwold.test.decotec.lv\/ru\/wp-json\/wp\/v2\/types\/product"}],"wp:featuredmedia":[{"embeddable":true,"href":"https:\/\/nwold.test.decotec.lv\/ru\/wp-json\/wp\/v2\/media\/56085"}],"wp:attachment":[{"href":"https:\/\/nwold.test.decotec.lv\/ru\/wp-json\/wp\/v2\/media?parent=56087"}],"wp:term":[{"taxonomy":"product_cat","embeddable":true,"href":"https:\/\/nwold.test.decotec.lv\/ru\/wp-json\/wp\/v2\/product_cat?post=56087"},{"taxonomy":"product_tag","embeddable":true,"href":"https:\/\/nwold.test.decotec.lv\/ru\/wp-json\/wp\/v2\/product_tag?post=56087"}],"curies":[{"name":"wp","href":"https:\/\/api.w.org\/{rel}","templated":true}]}}