{"id":56165,"date":"2022-10-19T14:36:51","date_gmt":"2022-10-19T11:36:51","guid":{"rendered":"https:\/\/noblewine.lv\/?post_type=product&#038;p=56165"},"modified":"2023-01-30T16:43:35","modified_gmt":"2023-01-30T14:43:35","slug":"la-fleur-garderose-st-emilion-grand-cru-2015","status":"publish","type":"product","link":"https:\/\/nwold.test.decotec.lv\/ru\/catalog\/vino\/la-fleur-garderose-st-emilion-grand-cru-2015\/","title":{"rendered":"\u201cFleur Garderose\u201d St.Emilion Grand Cru 2015"},"content":{"rendered":"","protected":false},"excerpt":{"rendered":"<p>&#8220;Arom\u0101t\u0101 j\u016btamas upe\u0146u, me\u017ea un melno piparu notis. Gar\u0161\u0101 v\u012bns ir vid\u0113jas miesas b\u016bves, apa\u013c\u0161 ar upe\u0146u, melnzemes un ciedra koka nians\u0113m. Tan\u012bni ir akt\u012bvi, z\u012bdaini.&#8221; \u2014 Ronalds P\u0113tersons, &#8220;Noble Wine&#8221; somelj\u0113<\/p>\n","protected":false},"featured_media":26599,"template":"","meta":[],"product_cat":[4114],"product_tag":[3137],"class_list":["post-56165","product","type-product","status-publish","has-post-thumbnail","hentry","product_cat-vino","product_tag-natural-ru","pa_vendor-vignobles-pueyo-ru"],"acf":[],"_links":{"self":[{"href":"https:\/\/nwold.test.decotec.lv\/ru\/wp-json\/wp\/v2\/product\/56165"}],"collection":[{"href":"https:\/\/nwold.test.decotec.lv\/ru\/wp-json\/wp\/v2\/product"}],"about":[{"href":"https:\/\/nwold.test.decotec.lv\/ru\/wp-json\/wp\/v2\/types\/product"}],"wp:featuredmedia":[{"embeddable":true,"href":"https:\/\/nwold.test.decotec.lv\/ru\/wp-json\/wp\/v2\/media\/26599"}],"wp:attachment":[{"href":"https:\/\/nwold.test.decotec.lv\/ru\/wp-json\/wp\/v2\/media?parent=56165"}],"wp:term":[{"taxonomy":"product_cat","embeddable":true,"href":"https:\/\/nwold.test.decotec.lv\/ru\/wp-json\/wp\/v2\/product_cat?post=56165"},{"taxonomy":"product_tag","embeddable":true,"href":"https:\/\/nwold.test.decotec.lv\/ru\/wp-json\/wp\/v2\/product_tag?post=56165"}],"curies":[{"name":"wp","href":"https:\/\/api.w.org\/{rel}","templated":true}]}}