{"id":57101,"date":"2022-11-30T10:35:00","date_gmt":"2022-11-30T08:35:00","guid":{"rendered":"https:\/\/noblewine.lv\/?post_type=product&#038;p=57101"},"modified":"2024-05-16T15:22:13","modified_gmt":"2024-05-16T12:22:13","slug":"extra-brut-blanc-de-blancs-grand-cru-terroirs-nv","status":"publish","type":"product","link":"https:\/\/nwold.test.decotec.lv\/ru\/catalog\/vino\/extra-brut-blanc-de-blancs-grand-cru-terroirs-nv\/","title":{"rendered":"Extra-Brut Blanc de Blancs &#8220;Grand Cru Terroirs&#8221; NV"},"content":{"rendered":"","protected":false},"excerpt":{"rendered":"<p>&#8220;Arom\u0101t\u0101 j\u016btamas izteiktas svaiga za\u013ca \u0101bola, medus un miner\u0101las notis. Gar\u0161\u0101 j\u016btamas sul\u012bga za\u013c\u0101 \u0101bola notis un pat\u012bkams citrona mizas r\u016bgtums. V\u012bns ir intens\u012bvs un paredz\u0113ts ikdienas lieto\u0161anai.&#8221; \u2014 Ronalds P\u0113tersons, &#8220;Noble Wine&#8221; somelj\u0113<\/p>\n","protected":false},"featured_media":44203,"template":"","meta":[],"product_cat":[4114],"product_tag":[],"class_list":["post-57101","product","type-product","status-publish","has-post-thumbnail","hentry","product_cat-vino","pa_country-france-ru","pa_region-champagne-ru","pa_varietal-chardonnay-ru","pa_vendor-agrapart-ru","pa_village-blanc-de-blancs-ru"],"acf":[],"_links":{"self":[{"href":"https:\/\/nwold.test.decotec.lv\/ru\/wp-json\/wp\/v2\/product\/57101"}],"collection":[{"href":"https:\/\/nwold.test.decotec.lv\/ru\/wp-json\/wp\/v2\/product"}],"about":[{"href":"https:\/\/nwold.test.decotec.lv\/ru\/wp-json\/wp\/v2\/types\/product"}],"wp:featuredmedia":[{"embeddable":true,"href":"https:\/\/nwold.test.decotec.lv\/ru\/wp-json\/wp\/v2\/media\/44203"}],"wp:attachment":[{"href":"https:\/\/nwold.test.decotec.lv\/ru\/wp-json\/wp\/v2\/media?parent=57101"}],"wp:term":[{"taxonomy":"product_cat","embeddable":true,"href":"https:\/\/nwold.test.decotec.lv\/ru\/wp-json\/wp\/v2\/product_cat?post=57101"},{"taxonomy":"product_tag","embeddable":true,"href":"https:\/\/nwold.test.decotec.lv\/ru\/wp-json\/wp\/v2\/product_tag?post=57101"}],"curies":[{"name":"wp","href":"https:\/\/api.w.org\/{rel}","templated":true}]}}