{"id":57181,"date":"2022-10-20T11:29:00","date_gmt":"2022-10-20T08:29:00","guid":{"rendered":"https:\/\/noblewine.lv\/?post_type=product&#038;p=57181"},"modified":"2024-05-17T08:18:14","modified_gmt":"2024-05-17T05:18:14","slug":"extra-brut-blanc-de-blancs-derriere-le-mont-aigu-2017","status":"publish","type":"product","link":"https:\/\/nwold.test.decotec.lv\/ru\/catalog\/vino\/extra-brut-blanc-de-blancs-derriere-le-mont-aigu-2017\/","title":{"rendered":"Extra-Brut Blanc de Blancs &#8220;Derriere le Mont Aigu&#8221; 2017"},"content":{"rendered":"","protected":false},"excerpt":{"rendered":"<p>&#8220;Arom\u0101ts ir intens\u012bvs, ar ziedu, citrusaug\u013cu un eikalipta not\u012bm. Gar\u0161\u0101 j\u016btamas mande\u013cu, brio\u0161es un mitra akmens nianses.&#8221; &#8211; Ronalds P\u0113tersons, Noble Wine somelj\u0113.<\/p>\n","protected":false},"featured_media":52481,"template":"","meta":[],"product_cat":[4114],"product_tag":[],"class_list":["post-57181","product","type-product","status-publish","has-post-thumbnail","hentry","product_cat-vino","pa_country-france-ru","pa_region-champagne-ru","pa_varietal-chardonnay-ru","pa_vendor-petrois-lebrun-ru","pa_village-blanc-de-blancs-ru"],"acf":[],"_links":{"self":[{"href":"https:\/\/nwold.test.decotec.lv\/ru\/wp-json\/wp\/v2\/product\/57181"}],"collection":[{"href":"https:\/\/nwold.test.decotec.lv\/ru\/wp-json\/wp\/v2\/product"}],"about":[{"href":"https:\/\/nwold.test.decotec.lv\/ru\/wp-json\/wp\/v2\/types\/product"}],"wp:featuredmedia":[{"embeddable":true,"href":"https:\/\/nwold.test.decotec.lv\/ru\/wp-json\/wp\/v2\/media\/52481"}],"wp:attachment":[{"href":"https:\/\/nwold.test.decotec.lv\/ru\/wp-json\/wp\/v2\/media?parent=57181"}],"wp:term":[{"taxonomy":"product_cat","embeddable":true,"href":"https:\/\/nwold.test.decotec.lv\/ru\/wp-json\/wp\/v2\/product_cat?post=57181"},{"taxonomy":"product_tag","embeddable":true,"href":"https:\/\/nwold.test.decotec.lv\/ru\/wp-json\/wp\/v2\/product_tag?post=57181"}],"curies":[{"name":"wp","href":"https:\/\/api.w.org\/{rel}","templated":true}]}}