{"id":57496,"date":"2022-10-24T16:58:51","date_gmt":"2022-10-24T13:58:51","guid":{"rendered":"https:\/\/noblewine.lv\/?post_type=product&#038;p=57496"},"modified":"2024-05-22T07:45:01","modified_gmt":"2024-05-22T04:45:01","slug":"rioja-reserva-seleccion-especial-2018-tinto","status":"publish","type":"product","link":"https:\/\/nwold.test.decotec.lv\/ru\/catalog\/davanu-konstruktors-ru\/vini-ru\/sarkanvini-ru\/rioja-reserva-seleccion-especial-2018-tinto\/","title":{"rendered":"Rioja Reserva &#8220;Seleccion Especial&#8221; 2018 Tinto"},"content":{"rendered":"","protected":false},"excerpt":{"rendered":"<p>&#8220;Arom\u0101t\u0101 j\u016btami gatavu \u0137ir\u0161u, melle\u0146u, pikanto gar\u0161vielu un melnzemes notis. Gar\u0161\u0101 v\u012bns ir vid\u0113jas miesas b\u016bves, aug\u013cains, sul\u012bgs ar \u017e\u0101v\u0113tu \u0137ir\u0161u un sauso gar\u0161vielu nians\u0113m. Tan\u012bni ir kr\u012btaini. P\u0113cgar\u0161a ir notur\u012bga.&#8221; \u2014 Ronalds P\u0113tersons, &#8220;Noble Wine&#8221; somelj\u0113<\/p>\n","protected":false},"featured_media":48769,"template":"","meta":[],"product_cat":[4114,5508],"product_tag":[],"class_list":["post-57496","product","type-product","status-publish","has-post-thumbnail","hentry","product_cat-vino","product_cat-sarkanvini-ru","pa_tips-red-wine-ru","pa_varietal-garnacha-ru","pa_varietal-graciano-ru","pa_varietal-mazuelo-ru","pa_varietal-tempranillo-ru","pa_vendor-bodegas-muga-ru"],"acf":[],"_links":{"self":[{"href":"https:\/\/nwold.test.decotec.lv\/ru\/wp-json\/wp\/v2\/product\/57496"}],"collection":[{"href":"https:\/\/nwold.test.decotec.lv\/ru\/wp-json\/wp\/v2\/product"}],"about":[{"href":"https:\/\/nwold.test.decotec.lv\/ru\/wp-json\/wp\/v2\/types\/product"}],"wp:featuredmedia":[{"embeddable":true,"href":"https:\/\/nwold.test.decotec.lv\/ru\/wp-json\/wp\/v2\/media\/48769"}],"wp:attachment":[{"href":"https:\/\/nwold.test.decotec.lv\/ru\/wp-json\/wp\/v2\/media?parent=57496"}],"wp:term":[{"taxonomy":"product_cat","embeddable":true,"href":"https:\/\/nwold.test.decotec.lv\/ru\/wp-json\/wp\/v2\/product_cat?post=57496"},{"taxonomy":"product_tag","embeddable":true,"href":"https:\/\/nwold.test.decotec.lv\/ru\/wp-json\/wp\/v2\/product_tag?post=57496"}],"curies":[{"name":"wp","href":"https:\/\/api.w.org\/{rel}","templated":true}]}}